{"id":6349,"date":"2018-08-31T02:07:26","date_gmt":"2018-08-31T06:07:26","guid":{"rendered":"https:\/\/pavacorp.ca\/?page_id=6349"},"modified":"2024-09-19T23:56:29","modified_gmt":"2024-09-20T03:56:29","slug":"espaces-de-bureau","status":"publish","type":"page","link":"https:\/\/pavacorp.ca\/fr\/espaces-de-bureau\/","title":{"rendered":"Espaces de bureau"},"content":{"rendered":"\t\t<div data-elementor-type=\"wp-post\" data-elementor-id=\"6349\" class=\"elementor elementor-6349\">\n\t\t\t\t\t\t<section class=\"elementor-section elementor-top-section elementor-element elementor-element-d283a8b elementor-section-boxed elementor-section-height-default elementor-section-height-default\" data-id=\"d283a8b\" data-element_type=\"section\">\n\t\t\t\t\t\t<div class=\"elementor-container elementor-column-gap-default\">\n\t\t\t\t\t<div class=\"elementor-column elementor-col-100 elementor-top-column elementor-element elementor-element-c0b5bc7\" data-id=\"c0b5bc7\" data-element_type=\"column\">\n\t\t\t<div class=\"elementor-widget-wrap elementor-element-populated\">\n\t\t\t\t\t\t<div class=\"elementor-element elementor-element-1f51677 elementor-widget elementor-widget-heading\" data-id=\"1f51677\" data-element_type=\"widget\" data-widget_type=\"heading.default\">\n\t\t\t\t<div class=\"elementor-widget-container\">\n\t\t\t\t\t<h2 class=\"elementor-heading-title elementor-size-default\">ESPACES DE BUREAU<\/h2>\t\t\t\t<\/div>\n\t\t\t\t<\/div>\n\t\t\t\t<div class=\"elementor-element elementor-element-98fd935 elementor-widget elementor-widget-text-editor\" data-id=\"98fd935\" data-element_type=\"widget\" data-widget_type=\"text-editor.default\">\n\t\t\t\t<div class=\"elementor-widget-container\">\n\t\t\t\t\t\t\t\t\t<p>Un \u00e9difice \u00e0 bureaux ne sert pas seulement \u00e0 h\u00e9berger votre ordinateur ainsi que votre \u00e9quipement. En effet, un espace de bureau, c\u2019est le lieu qui verra vos projets na\u00eetre, qui sera t\u00e9moin de l\u2019accroissement de votre entreprise.<\/p><p><img fetchpriority=\"high\" decoding=\"async\" class=\"aligncenter size-full wp-image-6436\" src=\"https:\/\/pavacorp.ca\/wp-content\/uploads\/2015\/09\/office.jpg\" alt=\"\" width=\"1903\" height=\"470\" srcset=\"https:\/\/pavacorp.ca\/wp-content\/uploads\/2015\/09\/office.jpg 1903w, https:\/\/pavacorp.ca\/wp-content\/uploads\/2015\/09\/office-300x74.jpg 300w, https:\/\/pavacorp.ca\/wp-content\/uploads\/2015\/09\/office-1024x253.jpg 1024w, https:\/\/pavacorp.ca\/wp-content\/uploads\/2015\/09\/office-768x190.jpg 768w, https:\/\/pavacorp.ca\/wp-content\/uploads\/2015\/09\/office-1536x379.jpg 1536w\" sizes=\"(max-width: 1903px) 100vw, 1903px\" \/><\/p><p>Pourquoi donc ne pas choisir un espace de bureau bien situ\u00e9, offrant une foule de commodit\u00e9s et caract\u00e9ristiques que vous privil\u00e9giez? C\u2019est ce que vous trouverez dans les espaces de bureau offerts chez Pava Corp. Ainsi, non seulement assurez-vous d\u2019excellentes localisations, mais aussi d\u2019acc\u00e8s faciles et de superficies ad\u00e9quates. Vous pourrez donc am\u00e9nager votre espace de bureau selon vos go\u00fbts. Besoin d\u2019une salle de conf\u00e9rence pour vos r\u00e9unions d\u2019\u00e9quipe mensuelles? D\u2019une salle de photocopies, de connexions Internet haute vitesse? Demandez et vous recevrez!<\/p><p>Pava Corp. s\u2019assure que vous ayez tout ce dont vous avez besoin pour \u00eatre efficace au quotidien.<\/p><h1><span style=\"color: #000000;\">Espaces de bureau disponibles<\/span><\/h1>\t\t\t\t\t\t\t\t<\/div>\n\t\t\t\t<\/div>\n\t\t\t\t\t<\/div>\n\t\t<\/div>\n\t\t\t\t\t<\/div>\n\t\t<\/section>\n\t\t\t\t<section class=\"elementor-section elementor-top-section elementor-element elementor-element-883ec1b elementor-section-boxed elementor-section-height-default elementor-section-height-default\" data-id=\"883ec1b\" data-element_type=\"section\">\n\t\t\t\t\t\t<div class=\"elementor-container elementor-column-gap-default\">\n\t\t\t\t\t<div class=\"elementor-column elementor-col-100 elementor-top-column elementor-element elementor-element-10d61ec\" data-id=\"10d61ec\" data-element_type=\"column\">\n\t\t\t<div class=\"elementor-widget-wrap elementor-element-populated\">\n\t\t\t\t\t\t<div class=\"elementor-element elementor-element-14bcdfb elementor-widget elementor-widget-text-editor\" data-id=\"14bcdfb\" data-element_type=\"widget\" data-widget_type=\"text-editor.default\">\n\t\t\t\t<div class=\"elementor-widget-container\">\n\t\t\t\t\t\t\t\t\t<h3 style=\"text-align: center;\"><span style=\"color: #000000;\">6505, route Transcanadienne &amp; 555, boulevard Dr.-Frederik-Philips, Saint-Laurent<br \/><\/span><\/h3><p style=\"text-align: center;\">Superficie disponible : multiples opportunit\u00e9s disponibles, veuillez <a href=\"https:\/\/pavacorp.ca\/fr\/contactez-nous\/\">nous contacter<\/a>.<\/p><p style=\"text-align: center;\"><span id=\"result_box\" class=\"\" lang=\"fr\"><span class=\"\">Ces deux b\u00e2timents sont des immeubles de bureaux de classe A et sont certifi\u00e9s BOMA Best.<\/span><\/span><\/p>\t\t\t\t\t\t\t\t<\/div>\n\t\t\t\t<\/div>\n\t\t\t\t\t<\/div>\n\t\t<\/div>\n\t\t\t\t\t<\/div>\n\t\t<\/section>\n\t\t\t\t<section class=\"elementor-section elementor-top-section elementor-element elementor-element-4eae428 elementor-section-boxed elementor-section-height-default elementor-section-height-default\" data-id=\"4eae428\" data-element_type=\"section\">\n\t\t\t\t\t\t<div class=\"elementor-container elementor-column-gap-default\">\n\t\t\t\t\t<div class=\"elementor-column elementor-col-50 elementor-top-column elementor-element elementor-element-eaf510f\" data-id=\"eaf510f\" data-element_type=\"column\">\n\t\t\t<div class=\"elementor-widget-wrap elementor-element-populated\">\n\t\t\t\t\t\t<div class=\"elementor-element elementor-element-da55627 elementor-widget elementor-widget-image\" data-id=\"da55627\" data-element_type=\"widget\" data-widget_type=\"image.default\">\n\t\t\t\t<div class=\"elementor-widget-container\">\n\t\t\t\t\t\t\t\t\t\t\t\t\t\t\t<img decoding=\"async\" width=\"1024\" height=\"785\" src=\"https:\/\/pavacorp.ca\/wp-content\/uploads\/2018\/08\/Scan_Pic0003_retouche-1024x785.jpg\" class=\"attachment-large size-large wp-image-6345\" alt=\"\" srcset=\"https:\/\/pavacorp.ca\/wp-content\/uploads\/2018\/08\/Scan_Pic0003_retouche-1024x785.jpg 1024w, https:\/\/pavacorp.ca\/wp-content\/uploads\/2018\/08\/Scan_Pic0003_retouche-300x230.jpg 300w, https:\/\/pavacorp.ca\/wp-content\/uploads\/2018\/08\/Scan_Pic0003_retouche-768x589.jpg 768w\" sizes=\"(max-width: 1024px) 100vw, 1024px\" \/>\t\t\t\t\t\t\t\t\t\t\t\t\t\t\t<\/div>\n\t\t\t\t<\/div>\n\t\t\t\t\t<\/div>\n\t\t<\/div>\n\t\t\t\t<div class=\"elementor-column elementor-col-50 elementor-top-column elementor-element elementor-element-65d8a39\" data-id=\"65d8a39\" data-element_type=\"column\">\n\t\t\t<div class=\"elementor-widget-wrap elementor-element-populated\">\n\t\t\t\t\t\t<div class=\"elementor-element elementor-element-a3de4b1 elementor-widget elementor-widget-google_maps\" data-id=\"a3de4b1\" data-element_type=\"widget\" data-widget_type=\"google_maps.default\">\n\t\t\t\t<div class=\"elementor-widget-container\">\n\t\t\t\t\t\t\t<div class=\"elementor-custom-embed\">\n\t\t\t<iframe loading=\"lazy\"\n\t\t\t\t\tsrc=\"https:\/\/maps.google.com\/maps?q=6505%2C%20route%20Transcanadienne%2C%20Saint-Laurent%2C%20Qu%C3%A9bec&#038;t=m&#038;z=15&#038;output=embed&#038;iwloc=near\"\n\t\t\t\t\ttitle=\"6505, route Transcanadienne, Saint-Laurent, Qu\u00e9bec\"\n\t\t\t\t\taria-label=\"6505, route Transcanadienne, Saint-Laurent, Qu\u00e9bec\"\n\t\t\t><\/iframe>\n\t\t<\/div>\n\t\t\t\t\t\t<\/div>\n\t\t\t\t<\/div>\n\t\t\t\t\t<\/div>\n\t\t<\/div>\n\t\t\t\t\t<\/div>\n\t\t<\/section>\n\t\t\t\t<section class=\"elementor-section elementor-top-section elementor-element elementor-element-7458d8d elementor-section-boxed elementor-section-height-default elementor-section-height-default\" data-id=\"7458d8d\" data-element_type=\"section\">\n\t\t\t\t\t\t<div class=\"elementor-container elementor-column-gap-default\">\n\t\t\t\t\t<div class=\"elementor-column elementor-col-100 elementor-top-column elementor-element elementor-element-7109ed7\" data-id=\"7109ed7\" data-element_type=\"column\">\n\t\t\t<div class=\"elementor-widget-wrap elementor-element-populated\">\n\t\t\t\t\t\t<div class=\"elementor-element elementor-element-7134707 elementor-widget elementor-widget-text-editor\" data-id=\"7134707\" data-element_type=\"widget\" data-widget_type=\"text-editor.default\">\n\t\t\t\t<div class=\"elementor-widget-container\">\n\t\t\t\t\t\t\t\t\t<h3 style=\"text-align: center;\">Pour plus d&rsquo;informations sur ces espaces, <a href=\"https:\/\/pavacorp.ca\/fr\/contactez-nous\/\">contactez-nous<\/a> !<\/h3>\t\t\t\t\t\t\t\t<\/div>\n\t\t\t\t<\/div>\n\t\t\t\t\t<\/div>\n\t\t<\/div>\n\t\t\t\t\t<\/div>\n\t\t<\/section>\n\t\t\t\t<\/div>\n\t\t","protected":false},"excerpt":{"rendered":"<p>ESPACES DE BUREAU Un \u00e9difice \u00e0 bureaux ne sert pas seulement \u00e0 h\u00e9berger votre ordinateur ainsi que votre \u00e9quipement. En effet, un espace de bureau, c\u2019est le lieu qui verra vos projets na\u00eetre, qui sera t\u00e9moin de l\u2019accroissement de votre entreprise. Pourquoi donc ne pas choisir un espace de bureau bien situ\u00e9, offrant une foule de commodit\u00e9s et caract\u00e9ristiques que vous privil\u00e9giez? C\u2019est ce que vous trouverez dans les espaces de bureau offerts chez Pava Corp. Ainsi, non seulement assurez-vous d\u2019excellentes localisations, mais aussi d\u2019acc\u00e8s faciles et de superficies ad\u00e9quates. Vous pourrez donc am\u00e9nager votre espace de bureau selon vos go\u00fbts. Besoin d\u2019une salle de conf\u00e9rence pour vos r\u00e9unions d\u2019\u00e9quipe mensuelles? D\u2019une salle de photocopies, de connexions Internet haute vitesse? Demandez et vous recevrez! Pava Corp. s\u2019assure que vous ayez tout ce dont vous avez besoin pour \u00eatre efficace au quotidien. Espaces de bureau disponibles 6505, route Transcanadienne &amp; 555, boulevard Dr.-Frederik-Philips, Saint-Laurent Superficie disponible : multiples opportunit\u00e9s disponibles, veuillez nous contacter. Ces deux b\u00e2timents sont des immeubles de bureaux de classe A et sont certifi\u00e9s BOMA Best. Pour plus d&rsquo;informations sur ces espaces, contactez-nous !<\/p>\n","protected":false},"author":1,"featured_media":0,"parent":0,"menu_order":0,"comment_status":"closed","ping_status":"closed","template":"","meta":{"footnotes":""},"class_list":["post-6349","page","type-page","status-publish","hentry"],"yoast_head":"<!-- This site is optimized with the Yoast SEO plugin v25.0 - https:\/\/yoast.com\/wordpress\/plugins\/seo\/ -->\n<title>Espaces de bureau - Pava Corp.<\/title>\n<meta name=\"robots\" content=\"index, follow, max-snippet:-1, max-image-preview:large, max-video-preview:-1\" \/>\n<link rel=\"canonical\" href=\"https:\/\/pavacorp.ca\/fr\/espaces-de-bureau\/\" \/>\n<meta property=\"og:locale\" content=\"fr_FR\" \/>\n<meta property=\"og:type\" content=\"article\" \/>\n<meta property=\"og:title\" content=\"Espaces de bureau - Pava Corp.\" \/>\n<meta property=\"og:description\" content=\"ESPACES DE BUREAU Un \u00e9difice \u00e0 bureaux ne sert pas seulement \u00e0 h\u00e9berger votre ordinateur ainsi que votre \u00e9quipement. En effet, un espace de bureau, c\u2019est le lieu qui verra vos projets na\u00eetre, qui sera t\u00e9moin de l\u2019accroissement de votre entreprise. Pourquoi donc ne pas choisir un espace de bureau bien situ\u00e9, offrant une foule de commodit\u00e9s et caract\u00e9ristiques que vous privil\u00e9giez? C\u2019est ce que vous trouverez dans les espaces de bureau offerts chez Pava Corp. Ainsi, non seulement assurez-vous d\u2019excellentes localisations, mais aussi d\u2019acc\u00e8s faciles et de superficies ad\u00e9quates. Vous pourrez donc am\u00e9nager votre espace de bureau selon vos go\u00fbts. Besoin d\u2019une salle de conf\u00e9rence pour vos r\u00e9unions d\u2019\u00e9quipe mensuelles? D\u2019une salle de photocopies, de connexions Internet haute vitesse? Demandez et vous recevrez! Pava Corp. s\u2019assure que vous ayez tout ce dont vous avez besoin pour \u00eatre efficace au quotidien. Espaces de bureau disponibles 6505, route Transcanadienne &amp; 555, boulevard Dr.-Frederik-Philips, Saint-Laurent Superficie disponible : multiples opportunit\u00e9s disponibles, veuillez nous contacter. Ces deux b\u00e2timents sont des immeubles de bureaux de classe A et sont certifi\u00e9s BOMA Best. Pour plus d&rsquo;informations sur ces espaces, contactez-nous !\" \/>\n<meta property=\"og:url\" content=\"https:\/\/pavacorp.ca\/fr\/espaces-de-bureau\/\" \/>\n<meta property=\"og:site_name\" content=\"Pava Corp.\" \/>\n<meta property=\"article:modified_time\" content=\"2024-09-20T03:56:29+00:00\" \/>\n<meta property=\"og:image\" content=\"https:\/\/pavacorp.ca\/wp-content\/uploads\/2015\/09\/office.jpg\" \/>\n<meta name=\"twitter:card\" content=\"summary_large_image\" \/>\n<meta name=\"twitter:label1\" content=\"Dur\u00e9e de lecture estim\u00e9e\" \/>\n\t<meta name=\"twitter:data1\" content=\"2 minutes\" \/>\n<script type=\"application\/ld+json\" class=\"yoast-schema-graph\">{\"@context\":\"https:\/\/schema.org\",\"@graph\":[{\"@type\":\"WebPage\",\"@id\":\"https:\/\/pavacorp.ca\/fr\/espaces-de-bureau\/\",\"url\":\"https:\/\/pavacorp.ca\/fr\/espaces-de-bureau\/\",\"name\":\"Espaces de bureau - Pava Corp.\",\"isPartOf\":{\"@id\":\"https:\/\/pavacorp.ca\/#website\"},\"primaryImageOfPage\":{\"@id\":\"https:\/\/pavacorp.ca\/fr\/espaces-de-bureau\/#primaryimage\"},\"image\":{\"@id\":\"https:\/\/pavacorp.ca\/fr\/espaces-de-bureau\/#primaryimage\"},\"thumbnailUrl\":\"https:\/\/pavacorp.ca\/wp-content\/uploads\/2015\/09\/office.jpg\",\"datePublished\":\"2018-08-31T06:07:26+00:00\",\"dateModified\":\"2024-09-20T03:56:29+00:00\",\"breadcrumb\":{\"@id\":\"https:\/\/pavacorp.ca\/fr\/espaces-de-bureau\/#breadcrumb\"},\"inLanguage\":\"fr-FR\",\"potentialAction\":[{\"@type\":\"ReadAction\",\"target\":[\"https:\/\/pavacorp.ca\/fr\/espaces-de-bureau\/\"]}]},{\"@type\":\"ImageObject\",\"inLanguage\":\"fr-FR\",\"@id\":\"https:\/\/pavacorp.ca\/fr\/espaces-de-bureau\/#primaryimage\",\"url\":\"https:\/\/pavacorp.ca\/wp-content\/uploads\/2015\/09\/office.jpg\",\"contentUrl\":\"https:\/\/pavacorp.ca\/wp-content\/uploads\/2015\/09\/office.jpg\"},{\"@type\":\"BreadcrumbList\",\"@id\":\"https:\/\/pavacorp.ca\/fr\/espaces-de-bureau\/#breadcrumb\",\"itemListElement\":[{\"@type\":\"ListItem\",\"position\":1,\"name\":\"Home\",\"item\":\"https:\/\/pavacorp.ca\/fr\/\"},{\"@type\":\"ListItem\",\"position\":2,\"name\":\"Espaces de bureau\"}]},{\"@type\":\"WebSite\",\"@id\":\"https:\/\/pavacorp.ca\/#website\",\"url\":\"https:\/\/pavacorp.ca\/\",\"name\":\"Pava Corp.\",\"description\":\"The Montreal Real Estate Company!\",\"potentialAction\":[{\"@type\":\"SearchAction\",\"target\":{\"@type\":\"EntryPoint\",\"urlTemplate\":\"https:\/\/pavacorp.ca\/?s={search_term_string}\"},\"query-input\":{\"@type\":\"PropertyValueSpecification\",\"valueRequired\":true,\"valueName\":\"search_term_string\"}}],\"inLanguage\":\"fr-FR\"}]}<\/script>\n<!-- \/ Yoast SEO plugin. -->","yoast_head_json":{"title":"Espaces de bureau - Pava Corp.","robots":{"index":"index","follow":"follow","max-snippet":"max-snippet:-1","max-image-preview":"max-image-preview:large","max-video-preview":"max-video-preview:-1"},"canonical":"https:\/\/pavacorp.ca\/fr\/espaces-de-bureau\/","og_locale":"fr_FR","og_type":"article","og_title":"Espaces de bureau - Pava Corp.","og_description":"ESPACES DE BUREAU Un \u00e9difice \u00e0 bureaux ne sert pas seulement \u00e0 h\u00e9berger votre ordinateur ainsi que votre \u00e9quipement. En effet, un espace de bureau, c\u2019est le lieu qui verra vos projets na\u00eetre, qui sera t\u00e9moin de l\u2019accroissement de votre entreprise. Pourquoi donc ne pas choisir un espace de bureau bien situ\u00e9, offrant une foule de commodit\u00e9s et caract\u00e9ristiques que vous privil\u00e9giez? C\u2019est ce que vous trouverez dans les espaces de bureau offerts chez Pava Corp. Ainsi, non seulement assurez-vous d\u2019excellentes localisations, mais aussi d\u2019acc\u00e8s faciles et de superficies ad\u00e9quates. Vous pourrez donc am\u00e9nager votre espace de bureau selon vos go\u00fbts. Besoin d\u2019une salle de conf\u00e9rence pour vos r\u00e9unions d\u2019\u00e9quipe mensuelles? D\u2019une salle de photocopies, de connexions Internet haute vitesse? Demandez et vous recevrez! Pava Corp. s\u2019assure que vous ayez tout ce dont vous avez besoin pour \u00eatre efficace au quotidien. Espaces de bureau disponibles 6505, route Transcanadienne &amp; 555, boulevard Dr.-Frederik-Philips, Saint-Laurent Superficie disponible : multiples opportunit\u00e9s disponibles, veuillez nous contacter. Ces deux b\u00e2timents sont des immeubles de bureaux de classe A et sont certifi\u00e9s BOMA Best. Pour plus d&rsquo;informations sur ces espaces, contactez-nous !","og_url":"https:\/\/pavacorp.ca\/fr\/espaces-de-bureau\/","og_site_name":"Pava Corp.","article_modified_time":"2024-09-20T03:56:29+00:00","og_image":[{"url":"https:\/\/pavacorp.ca\/wp-content\/uploads\/2015\/09\/office.jpg","type":"","width":"","height":""}],"twitter_card":"summary_large_image","twitter_misc":{"Dur\u00e9e de lecture estim\u00e9e":"2 minutes"},"schema":{"@context":"https:\/\/schema.org","@graph":[{"@type":"WebPage","@id":"https:\/\/pavacorp.ca\/fr\/espaces-de-bureau\/","url":"https:\/\/pavacorp.ca\/fr\/espaces-de-bureau\/","name":"Espaces de bureau - Pava Corp.","isPartOf":{"@id":"https:\/\/pavacorp.ca\/#website"},"primaryImageOfPage":{"@id":"https:\/\/pavacorp.ca\/fr\/espaces-de-bureau\/#primaryimage"},"image":{"@id":"https:\/\/pavacorp.ca\/fr\/espaces-de-bureau\/#primaryimage"},"thumbnailUrl":"https:\/\/pavacorp.ca\/wp-content\/uploads\/2015\/09\/office.jpg","datePublished":"2018-08-31T06:07:26+00:00","dateModified":"2024-09-20T03:56:29+00:00","breadcrumb":{"@id":"https:\/\/pavacorp.ca\/fr\/espaces-de-bureau\/#breadcrumb"},"inLanguage":"fr-FR","potentialAction":[{"@type":"ReadAction","target":["https:\/\/pavacorp.ca\/fr\/espaces-de-bureau\/"]}]},{"@type":"ImageObject","inLanguage":"fr-FR","@id":"https:\/\/pavacorp.ca\/fr\/espaces-de-bureau\/#primaryimage","url":"https:\/\/pavacorp.ca\/wp-content\/uploads\/2015\/09\/office.jpg","contentUrl":"https:\/\/pavacorp.ca\/wp-content\/uploads\/2015\/09\/office.jpg"},{"@type":"BreadcrumbList","@id":"https:\/\/pavacorp.ca\/fr\/espaces-de-bureau\/#breadcrumb","itemListElement":[{"@type":"ListItem","position":1,"name":"Home","item":"https:\/\/pavacorp.ca\/fr\/"},{"@type":"ListItem","position":2,"name":"Espaces de bureau"}]},{"@type":"WebSite","@id":"https:\/\/pavacorp.ca\/#website","url":"https:\/\/pavacorp.ca\/","name":"Pava Corp.","description":"The Montreal Real Estate Company!","potentialAction":[{"@type":"SearchAction","target":{"@type":"EntryPoint","urlTemplate":"https:\/\/pavacorp.ca\/?s={search_term_string}"},"query-input":{"@type":"PropertyValueSpecification","valueRequired":true,"valueName":"search_term_string"}}],"inLanguage":"fr-FR"}]}},"_links":{"self":[{"href":"https:\/\/pavacorp.ca\/fr\/wp-json\/wp\/v2\/pages\/6349","targetHints":{"allow":["GET"]}}],"collection":[{"href":"https:\/\/pavacorp.ca\/fr\/wp-json\/wp\/v2\/pages"}],"about":[{"href":"https:\/\/pavacorp.ca\/fr\/wp-json\/wp\/v2\/types\/page"}],"author":[{"embeddable":true,"href":"https:\/\/pavacorp.ca\/fr\/wp-json\/wp\/v2\/users\/1"}],"replies":[{"embeddable":true,"href":"https:\/\/pavacorp.ca\/fr\/wp-json\/wp\/v2\/comments?post=6349"}],"version-history":[{"count":37,"href":"https:\/\/pavacorp.ca\/fr\/wp-json\/wp\/v2\/pages\/6349\/revisions"}],"predecessor-version":[{"id":6895,"href":"https:\/\/pavacorp.ca\/fr\/wp-json\/wp\/v2\/pages\/6349\/revisions\/6895"}],"wp:attachment":[{"href":"https:\/\/pavacorp.ca\/fr\/wp-json\/wp\/v2\/media?parent=6349"}],"curies":[{"name":"wp","href":"https:\/\/api.w.org\/{rel}","templated":true}]}}