{"id":6678,"date":"2024-09-18T23:42:48","date_gmt":"2024-09-19T03:42:48","guid":{"rendered":"https:\/\/pavacorp.ca\/homepage\/"},"modified":"2024-09-19T23:36:38","modified_gmt":"2024-09-20T03:36:38","slug":"homepage","status":"publish","type":"page","link":"https:\/\/pavacorp.ca\/fr\/","title":{"rendered":"Accueil"},"content":{"rendered":"\t\t<div data-elementor-type=\"wp-page\" data-elementor-id=\"6678\" class=\"elementor elementor-6678 elementor-6588\">\n\t\t\t\t\t\t<section class=\"elementor-section elementor-top-section elementor-element elementor-element-2024970 elementor-section-boxed elementor-section-height-default elementor-section-height-default\" data-id=\"2024970\" data-element_type=\"section\">\n\t\t\t\t\t\t<div class=\"elementor-container elementor-column-gap-default\">\n\t\t\t\t\t<div class=\"elementor-column elementor-col-100 elementor-top-column elementor-element elementor-element-51103ce\" data-id=\"51103ce\" data-element_type=\"column\">\n\t\t\t<div class=\"elementor-widget-wrap elementor-element-populated\">\n\t\t\t\t\t\t<div class=\"elementor-element elementor-element-7fca594 elementor-widget elementor-widget-heading\" data-id=\"7fca594\" data-element_type=\"widget\" data-widget_type=\"heading.default\">\n\t\t\t\t<div class=\"elementor-widget-container\">\n\t\t\t\t\t<h1 class=\"elementor-heading-title elementor-size-default\">PAVA CORPORATION<\/h1>\t\t\t\t<\/div>\n\t\t\t\t<\/div>\n\t\t\t\t<div class=\"elementor-element elementor-element-b10174f elementor-widget elementor-widget-heading\" data-id=\"b10174f\" data-element_type=\"widget\" data-widget_type=\"heading.default\">\n\t\t\t\t<div class=\"elementor-widget-container\">\n\t\t\t\t\t<h3 class=\"elementor-heading-title elementor-size-default\">Une entreprise familiale et professionnelle de gestion immobili\u00e8re<\/h3>\t\t\t\t<\/div>\n\t\t\t\t<\/div>\n\t\t\t\t<div class=\"elementor-element elementor-element-f2df970 elementor-widget elementor-widget-text-editor\" data-id=\"f2df970\" data-element_type=\"widget\" data-widget_type=\"text-editor.default\">\n\t\t\t\t<div class=\"elementor-widget-container\">\n\t\t\t\t\t\t\t\t\t<h3><a href=\"https:\/\/pavacorp.ca\/fr\/entreprise-familiale\/\">En savoir plus<\/a><\/h3>\t\t\t\t\t\t\t\t<\/div>\n\t\t\t\t<\/div>\n\t\t\t\t<div class=\"elementor-element elementor-element-474b7f8 elementor-widget elementor-widget-image\" data-id=\"474b7f8\" data-element_type=\"widget\" data-widget_type=\"image.default\">\n\t\t\t\t<div class=\"elementor-widget-container\">\n\t\t\t\t\t\t\t\t\t\t\t\t\t\t\t<img fetchpriority=\"high\" decoding=\"async\" width=\"1200\" height=\"800\" src=\"https:\/\/pavacorp.ca\/wp-content\/uploads\/2015\/09\/Accueil.jpg\" class=\"attachment-full size-full wp-image-6249\" alt=\"\" srcset=\"https:\/\/pavacorp.ca\/wp-content\/uploads\/2015\/09\/Accueil.jpg 1200w, https:\/\/pavacorp.ca\/wp-content\/uploads\/2015\/09\/Accueil-300x200.jpg 300w, https:\/\/pavacorp.ca\/wp-content\/uploads\/2015\/09\/Accueil-768x512.jpg 768w, https:\/\/pavacorp.ca\/wp-content\/uploads\/2015\/09\/Accueil-1024x683.jpg 1024w\" sizes=\"(max-width: 1200px) 100vw, 1200px\" \/>\t\t\t\t\t\t\t\t\t\t\t\t\t\t\t<\/div>\n\t\t\t\t<\/div>\n\t\t\t\t<div class=\"elementor-element elementor-element-40b8e53 elementor-widget elementor-widget-heading\" data-id=\"40b8e53\" data-element_type=\"widget\" data-widget_type=\"heading.default\">\n\t\t\t\t<div class=\"elementor-widget-container\">\n\t\t\t\t\t<h2 class=\"elementor-heading-title elementor-size-default\">Une entreprise familiale et professionnelle de gestion immobili\u00e8re : Nos services<\/h2>\t\t\t\t<\/div>\n\t\t\t\t<\/div>\n\t\t\t\t<div class=\"elementor-element elementor-element-921eb6b elementor-widget elementor-widget-text-editor\" data-id=\"921eb6b\" data-element_type=\"widget\" data-widget_type=\"text-editor.default\">\n\t\t\t\t<div class=\"elementor-widget-container\">\n\t\t\t\t\t\t\t\t\t<p>Pava Corp., entreprise familiale et professionnelle de gestion immobili\u00e8re, se concentre sur la gestion et la construction immobili\u00e8re commerciale ainsi que sur l\u2019am\u00e9nagement de terrains r\u00e9sidentiels. Notre vaste exp\u00e9rience en planification et en ing\u00e9nierie, combin\u00e9s \u00e0 notre habilet\u00e9 \u00e0 entretenir des partenariats importants avec des entreprises de services, des fonctionnaires en zonages et des entrepreneurs en constructions signifie que Pava Corp. d\u00e9veloppe constamment ses projets en allant au-del\u00e0 des attentes de ses clients. Pava Corp. offre des solutions pertinentes pour les organisations publiques et priv\u00e9es, les locataires et investisseurs, qu\u2019ils \u0153uvrent \u00e0 l\u2019\u00e9chelle locale, nationale ou internationale.<\/p>\t\t\t\t\t\t\t\t<\/div>\n\t\t\t\t<\/div>\n\t\t\t\t<div class=\"elementor-element elementor-element-1140d52 elementor-widget-divider--view-line elementor-widget elementor-widget-divider\" data-id=\"1140d52\" data-element_type=\"widget\" data-widget_type=\"divider.default\">\n\t\t\t\t<div class=\"elementor-widget-container\">\n\t\t\t\t\t\t\t<div class=\"elementor-divider\">\n\t\t\t<span class=\"elementor-divider-separator\">\n\t\t\t\t\t\t<\/span>\n\t\t<\/div>\n\t\t\t\t\t\t<\/div>\n\t\t\t\t<\/div>\n\t\t\t\t<section class=\"elementor-section elementor-inner-section elementor-element elementor-element-fa0d2cf elementor-section-boxed elementor-section-height-default elementor-section-height-default\" data-id=\"fa0d2cf\" data-element_type=\"section\">\n\t\t\t\t\t\t<div class=\"elementor-container elementor-column-gap-default\">\n\t\t\t\t\t<div class=\"elementor-column elementor-col-25 elementor-inner-column elementor-element elementor-element-3e7a6eb\" data-id=\"3e7a6eb\" data-element_type=\"column\">\n\t\t\t<div class=\"elementor-widget-wrap elementor-element-populated\">\n\t\t\t\t\t\t<div class=\"elementor-element elementor-element-2f55034 elementor-view-default elementor-widget elementor-widget-icon\" data-id=\"2f55034\" data-element_type=\"widget\" data-widget_type=\"icon.default\">\n\t\t\t\t<div class=\"elementor-widget-container\">\n\t\t\t\t\t\t\t<div class=\"elementor-icon-wrapper\">\n\t\t\t<a class=\"elementor-icon\" href=\"https:\/\/pavacorp.ca\/fr\/nouveau-developpement\/\">\n\t\t\t<i aria-hidden=\"true\" class=\"fas fa-building\"><\/i>\t\t\t<\/a>\n\t\t<\/div>\n\t\t\t\t\t\t<\/div>\n\t\t\t\t<\/div>\n\t\t\t\t<div class=\"elementor-element elementor-element-5d024b2 elementor-widget elementor-widget-text-editor\" data-id=\"5d024b2\" data-element_type=\"widget\" data-widget_type=\"text-editor.default\">\n\t\t\t\t<div class=\"elementor-widget-container\">\n\t\t\t\t\t\t\t\t\t<h3><a href=\"https:\/\/pavacorp.ca\/fr\/nouveau-developpement\/\">Nouveau d\u00e9veloppement<\/a><\/h3><div class=\"feature-content\"><p>Espaces de bureaux et commerciaux disponibles<br \/>Localisation strat\u00e9gique (coin Saint-Laurent et Cr\u00e9mazie)<br \/>Grande visibilit\u00e9 (autoroute 40 est et ouest)<br \/>Acc\u00e8s facile (m\u00e9tro Cr\u00e9mazie)<\/p><\/div>\t\t\t\t\t\t\t\t<\/div>\n\t\t\t\t<\/div>\n\t\t\t\t\t<\/div>\n\t\t<\/div>\n\t\t\t\t<div class=\"elementor-column elementor-col-25 elementor-inner-column elementor-element elementor-element-fbea9f5\" data-id=\"fbea9f5\" data-element_type=\"column\">\n\t\t\t<div class=\"elementor-widget-wrap elementor-element-populated\">\n\t\t\t\t\t\t<div class=\"elementor-element elementor-element-2da006d elementor-view-default elementor-widget elementor-widget-icon\" data-id=\"2da006d\" data-element_type=\"widget\" data-widget_type=\"icon.default\">\n\t\t\t\t<div class=\"elementor-widget-container\">\n\t\t\t\t\t\t\t<div class=\"elementor-icon-wrapper\">\n\t\t\t<a class=\"elementor-icon\" href=\"https:\/\/pavacorp.ca\/fr\/espaces-de-bureau\/\">\n\t\t\t<i aria-hidden=\"true\" class=\"fas fa-desktop\"><\/i>\t\t\t<\/a>\n\t\t<\/div>\n\t\t\t\t\t\t<\/div>\n\t\t\t\t<\/div>\n\t\t\t\t<div class=\"elementor-element elementor-element-ba581a3 elementor-widget elementor-widget-text-editor\" data-id=\"ba581a3\" data-element_type=\"widget\" data-widget_type=\"text-editor.default\">\n\t\t\t\t<div class=\"elementor-widget-container\">\n\t\t\t\t\t\t\t\t\t<h3><a href=\"https:\/\/pavacorp.ca\/fr\/espaces-de-bureau\/\">Espaces de bureau<\/a><\/h3><div class=\"feature-content\"><p>6505, route Transcanadienne &amp; 555, boulevard Dr.-Frederik-Philips, Saint-Laurent<br \/>20, boulevard Cr\u00e9mazie Est, 2e \u00e9tage<br \/>Urgences-sant\u00e9<\/p><\/div>\t\t\t\t\t\t\t\t<\/div>\n\t\t\t\t<\/div>\n\t\t\t\t\t<\/div>\n\t\t<\/div>\n\t\t\t\t<div class=\"elementor-column elementor-col-25 elementor-inner-column elementor-element elementor-element-8396241\" data-id=\"8396241\" data-element_type=\"column\">\n\t\t\t<div class=\"elementor-widget-wrap elementor-element-populated\">\n\t\t\t\t\t\t<div class=\"elementor-element elementor-element-2e3b3e9 elementor-view-default elementor-widget elementor-widget-icon\" data-id=\"2e3b3e9\" data-element_type=\"widget\" data-widget_type=\"icon.default\">\n\t\t\t\t<div class=\"elementor-widget-container\">\n\t\t\t\t\t\t\t<div class=\"elementor-icon-wrapper\">\n\t\t\t<a class=\"elementor-icon\" href=\"https:\/\/pavacorp.ca\/fr\/espaces-commerciaux\/\">\n\t\t\t<i aria-hidden=\"true\" class=\"fas fa-shopping-cart\"><\/i>\t\t\t<\/a>\n\t\t<\/div>\n\t\t\t\t\t\t<\/div>\n\t\t\t\t<\/div>\n\t\t\t\t<div class=\"elementor-element elementor-element-94078ab elementor-widget elementor-widget-text-editor\" data-id=\"94078ab\" data-element_type=\"widget\" data-widget_type=\"text-editor.default\">\n\t\t\t\t<div class=\"elementor-widget-container\">\n\t\t\t\t\t\t\t\t\t<h3><a href=\"https:\/\/pavacorp.ca\/fr\/espaces-commerciaux\/\">Espaces commerciaux<\/a><\/h3><div class=\"feature-content\"><p>9474, boulevard Saint-Michel<br \/>2924, rue Charland<br \/>March\u00e9 de la Tour<br \/>8481, boulevard Langelier<\/p><\/div>\t\t\t\t\t\t\t\t<\/div>\n\t\t\t\t<\/div>\n\t\t\t\t\t<\/div>\n\t\t<\/div>\n\t\t\t\t<div class=\"elementor-column elementor-col-25 elementor-inner-column elementor-element elementor-element-1c137ca\" data-id=\"1c137ca\" data-element_type=\"column\">\n\t\t\t<div class=\"elementor-widget-wrap elementor-element-populated\">\n\t\t\t\t\t\t<div class=\"elementor-element elementor-element-6297e83 elementor-view-default elementor-widget elementor-widget-icon\" data-id=\"6297e83\" data-element_type=\"widget\" data-widget_type=\"icon.default\">\n\t\t\t\t<div class=\"elementor-widget-container\">\n\t\t\t\t\t\t\t<div class=\"elementor-icon-wrapper\">\n\t\t\t<a class=\"elementor-icon\" href=\"https:\/\/pavacorp.ca\/fr\/espaces-industriels\/\">\n\t\t\t<i aria-hidden=\"true\" class=\"fas fa-industry\"><\/i>\t\t\t<\/a>\n\t\t<\/div>\n\t\t\t\t\t\t<\/div>\n\t\t\t\t<\/div>\n\t\t\t\t<div class=\"elementor-element elementor-element-b705ae3 elementor-widget elementor-widget-text-editor\" data-id=\"b705ae3\" data-element_type=\"widget\" data-widget_type=\"text-editor.default\">\n\t\t\t\t<div class=\"elementor-widget-container\">\n\t\t\t\t\t\t\t\t\t<h3><a href=\"https:\/\/pavacorp.ca\/fr\/espaces-industriels\/\">Espaces industriels<\/a><\/h3><div class=\"feature-content\"><p>550, avenue Firing, Baie-d\u2019Urf\u00e9<br \/>8481, boulevard Langelier<br \/>March\u00e9 de la Tour<br \/>9055, avenue Pascal-Gagnon<\/p><\/div>\t\t\t\t\t\t\t\t<\/div>\n\t\t\t\t<\/div>\n\t\t\t\t\t<\/div>\n\t\t<\/div>\n\t\t\t\t\t<\/div>\n\t\t<\/section>\n\t\t\t\t<div class=\"elementor-element elementor-element-6b11cbf elementor-widget-divider--view-line elementor-widget elementor-widget-divider\" data-id=\"6b11cbf\" data-element_type=\"widget\" data-widget_type=\"divider.default\">\n\t\t\t\t<div class=\"elementor-widget-container\">\n\t\t\t\t\t\t\t<div class=\"elementor-divider\">\n\t\t\t<span class=\"elementor-divider-separator\">\n\t\t\t\t\t\t<\/span>\n\t\t<\/div>\n\t\t\t\t\t\t<\/div>\n\t\t\t\t<\/div>\n\t\t\t\t<div class=\"elementor-element elementor-element-ddf6811 elementor-widget elementor-widget-heading\" data-id=\"ddf6811\" data-element_type=\"widget\" data-widget_type=\"heading.default\">\n\t\t\t\t<div class=\"elementor-widget-container\">\n\t\t\t\t\t<h2 class=\"elementor-heading-title elementor-size-default\">Une entreprise familiale et professionnelle de gestion immobili\u00e8re : Nos espaces<\/h2>\t\t\t\t<\/div>\n\t\t\t\t<\/div>\n\t\t\t\t<div class=\"elementor-element elementor-element-f8f05ab elementor-widget elementor-widget-text-editor\" data-id=\"f8f05ab\" data-element_type=\"widget\" data-widget_type=\"text-editor.default\">\n\t\t\t\t<div class=\"elementor-widget-container\">\n\t\t\t\t\t\t\t\t\t<p>Nous offrons des solutions pertinentes pour les organisations publiques et priv\u00e9es, les locataires et investisseurs.<\/p>\t\t\t\t\t\t\t\t<\/div>\n\t\t\t\t<\/div>\n\t\t\t\t<div class=\"elementor-element elementor-element-37f923b elementor-arrows-position-inside elementor-pagination-position-outside elementor-widget elementor-widget-image-carousel\" data-id=\"37f923b\" data-element_type=\"widget\" data-settings=\"{&quot;slides_to_show&quot;:&quot;1&quot;,&quot;navigation&quot;:&quot;both&quot;,&quot;autoplay&quot;:&quot;yes&quot;,&quot;pause_on_hover&quot;:&quot;yes&quot;,&quot;pause_on_interaction&quot;:&quot;yes&quot;,&quot;autoplay_speed&quot;:5000,&quot;infinite&quot;:&quot;yes&quot;,&quot;effect&quot;:&quot;slide&quot;,&quot;speed&quot;:500}\" data-widget_type=\"image-carousel.default\">\n\t\t\t\t<div class=\"elementor-widget-container\">\n\t\t\t\t\t\t\t<div class=\"elementor-image-carousel-wrapper swiper\" role=\"region\" aria-roledescription=\"carousel\" aria-label=\"Carrousel d\u2019images\" dir=\"ltr\">\n\t\t\t<div class=\"elementor-image-carousel swiper-wrapper\" aria-live=\"off\">\n\t\t\t\t\t\t\t\t<div class=\"swiper-slide\" role=\"group\" aria-roledescription=\"slide\" aria-label=\"1 sur 2\"><figure class=\"swiper-slide-inner\"><img decoding=\"async\" class=\"swiper-slide-image\" src=\"https:\/\/pavacorp.ca\/wp-content\/uploads\/2015\/09\/New-development-20-Cremazie-E.jpg\" alt=\"New-development-20-Cremazie-E\" \/><\/figure><\/div><div class=\"swiper-slide\" role=\"group\" aria-roledescription=\"slide\" aria-label=\"2 sur 2\"><figure class=\"swiper-slide-inner\"><img decoding=\"async\" class=\"swiper-slide-image\" src=\"https:\/\/pavacorp.ca\/wp-content\/uploads\/2015\/09\/8481-Langelier-04-1920x1080.jpg\" alt=\"8481 Langelier 04\" \/><\/figure><\/div>\t\t\t<\/div>\n\t\t\t\t\t\t\t\t\t\t\t\t<div class=\"elementor-swiper-button elementor-swiper-button-prev\" role=\"button\" tabindex=\"0\">\n\t\t\t\t\t\t<i aria-hidden=\"true\" class=\"eicon-chevron-left\"><\/i>\t\t\t\t\t<\/div>\n\t\t\t\t\t<div class=\"elementor-swiper-button elementor-swiper-button-next\" role=\"button\" tabindex=\"0\">\n\t\t\t\t\t\t<i aria-hidden=\"true\" class=\"eicon-chevron-right\"><\/i>\t\t\t\t\t<\/div>\n\t\t\t\t\n\t\t\t\t\t\t\t\t\t<div class=\"swiper-pagination\"><\/div>\n\t\t\t\t\t\t\t\t\t<\/div>\n\t\t\t\t\t\t<\/div>\n\t\t\t\t<\/div>\n\t\t\t\t<div class=\"elementor-element elementor-element-1d59bdb elementor-widget elementor-widget-text-editor\" data-id=\"1d59bdb\" data-element_type=\"widget\" data-widget_type=\"text-editor.default\">\n\t\t\t\t<div class=\"elementor-widget-container\">\n\t\t\t\t\t\t\t\t\t<h3><a href=\"https:\/\/pavacorp.ca\/fr\/contactez-nous\/\">Contactez notre \u00e9quipe<\/a><\/h3>\t\t\t\t\t\t\t\t<\/div>\n\t\t\t\t<\/div>\n\t\t\t\t\t<\/div>\n\t\t<\/div>\n\t\t\t\t\t<\/div>\n\t\t<\/section>\n\t\t\t\t<\/div>\n\t\t","protected":false},"excerpt":{"rendered":"<p>PAVA CORPORATION Une entreprise familiale et professionnelle de gestion immobili\u00e8re En savoir plus Une entreprise familiale et professionnelle de gestion immobili\u00e8re : Nos services Pava Corp., entreprise familiale et professionnelle de gestion immobili\u00e8re, se concentre sur la gestion et la construction immobili\u00e8re commerciale ainsi que sur l\u2019am\u00e9nagement de terrains r\u00e9sidentiels. Notre vaste exp\u00e9rience en planification et en ing\u00e9nierie, combin\u00e9s \u00e0 notre habilet\u00e9 \u00e0 entretenir des partenariats importants avec des entreprises de services, des fonctionnaires en zonages et des entrepreneurs en constructions signifie que Pava Corp. d\u00e9veloppe constamment ses projets en allant au-del\u00e0 des attentes de ses clients. Pava Corp. offre des solutions pertinentes pour les organisations publiques et priv\u00e9es, les locataires et investisseurs, qu\u2019ils \u0153uvrent \u00e0 l\u2019\u00e9chelle locale, nationale ou internationale. Nouveau d\u00e9veloppement Espaces de bureaux et commerciaux disponiblesLocalisation strat\u00e9gique (coin Saint-Laurent et Cr\u00e9mazie)Grande visibilit\u00e9 (autoroute 40 est et ouest)Acc\u00e8s facile (m\u00e9tro Cr\u00e9mazie) Espaces de bureau 6505, route Transcanadienne &amp; 555, boulevard Dr.-Frederik-Philips, Saint-Laurent20, boulevard Cr\u00e9mazie Est, 2e \u00e9tageUrgences-sant\u00e9 Espaces commerciaux 9474, boulevard Saint-Michel2924, rue CharlandMarch\u00e9 de la Tour8481, boulevard Langelier Espaces industriels 550, avenue Firing, Baie-d\u2019Urf\u00e98481, boulevard LangelierMarch\u00e9 de la Tour9055, avenue Pascal-Gagnon Une entreprise familiale et professionnelle de gestion immobili\u00e8re : Nos espaces Nous offrons des solutions pertinentes pour les organisations publiques et priv\u00e9es, les locataires et investisseurs. Contactez notre \u00e9quipe<\/p>\n","protected":false},"author":1,"featured_media":0,"parent":0,"menu_order":0,"comment_status":"closed","ping_status":"closed","template":"","meta":{"footnotes":""},"class_list":["post-6678","page","type-page","status-publish","hentry"],"yoast_head":"<!-- This site is optimized with the Yoast SEO plugin v25.0 - https:\/\/yoast.com\/wordpress\/plugins\/seo\/ -->\n<title>Entreprise familiale et professionnelle de gestion immobili\u00e8re - Pava Corp. Montreal<\/title>\n<meta name=\"description\" content=\"Entreprise familiale et professionnelle de gestion immobili\u00e8re, Pava Corp. se concentre sur la gestion et la construction de biens immobiliers commerciaux, ainsi que...\" \/>\n<meta name=\"robots\" content=\"index, follow, max-snippet:-1, max-image-preview:large, max-video-preview:-1\" \/>\n<link rel=\"canonical\" href=\"https:\/\/pavacorp.ca\/fr\/\" \/>\n<meta property=\"og:locale\" content=\"fr_FR\" \/>\n<meta property=\"og:type\" content=\"article\" \/>\n<meta property=\"og:title\" content=\"Entreprise familiale et professionnelle de gestion immobili\u00e8re - Pava Corp. Montreal\" \/>\n<meta property=\"og:description\" content=\"Entreprise familiale et professionnelle de gestion immobili\u00e8re, Pava Corp. se concentre sur la gestion et la construction de biens immobiliers commerciaux, ainsi que...\" \/>\n<meta property=\"og:url\" content=\"https:\/\/pavacorp.ca\/fr\/\" \/>\n<meta property=\"og:site_name\" content=\"Pava Corp.\" \/>\n<meta property=\"article:modified_time\" content=\"2024-09-20T03:36:38+00:00\" \/>\n<meta property=\"og:image\" content=\"https:\/\/pavacorp.ca\/wp-content\/uploads\/2015\/09\/Accueil.jpg\" \/>\n<meta name=\"twitter:card\" content=\"summary_large_image\" \/>\n<meta name=\"twitter:label1\" content=\"Dur\u00e9e de lecture estim\u00e9e\" \/>\n\t<meta name=\"twitter:data1\" content=\"3 minutes\" \/>\n<script type=\"application\/ld+json\" class=\"yoast-schema-graph\">{\"@context\":\"https:\/\/schema.org\",\"@graph\":[{\"@type\":\"WebPage\",\"@id\":\"https:\/\/pavacorp.ca\/fr\/\",\"url\":\"https:\/\/pavacorp.ca\/fr\/\",\"name\":\"Entreprise familiale et professionnelle de gestion immobili\u00e8re - Pava Corp. Montreal\",\"isPartOf\":{\"@id\":\"https:\/\/pavacorp.ca\/#website\"},\"primaryImageOfPage\":{\"@id\":\"https:\/\/pavacorp.ca\/fr\/#primaryimage\"},\"image\":{\"@id\":\"https:\/\/pavacorp.ca\/fr\/#primaryimage\"},\"thumbnailUrl\":\"https:\/\/pavacorp.ca\/wp-content\/uploads\/2015\/09\/Accueil.jpg\",\"datePublished\":\"2024-09-19T03:42:48+00:00\",\"dateModified\":\"2024-09-20T03:36:38+00:00\",\"description\":\"Entreprise familiale et professionnelle de gestion immobili\u00e8re, Pava Corp. se concentre sur la gestion et la construction de biens immobiliers commerciaux, ainsi que...\",\"breadcrumb\":{\"@id\":\"https:\/\/pavacorp.ca\/fr\/#breadcrumb\"},\"inLanguage\":\"fr-FR\",\"potentialAction\":[{\"@type\":\"ReadAction\",\"target\":[\"https:\/\/pavacorp.ca\/fr\/\"]}]},{\"@type\":\"ImageObject\",\"inLanguage\":\"fr-FR\",\"@id\":\"https:\/\/pavacorp.ca\/fr\/#primaryimage\",\"url\":\"https:\/\/pavacorp.ca\/wp-content\/uploads\/2015\/09\/Accueil.jpg\",\"contentUrl\":\"https:\/\/pavacorp.ca\/wp-content\/uploads\/2015\/09\/Accueil.jpg\"},{\"@type\":\"BreadcrumbList\",\"@id\":\"https:\/\/pavacorp.ca\/fr\/#breadcrumb\",\"itemListElement\":[{\"@type\":\"ListItem\",\"position\":1,\"name\":\"Home\",\"item\":\"https:\/\/pavacorp.ca\/fr\/\"},{\"@type\":\"ListItem\",\"position\":2,\"name\":\"Accueil\"}]},{\"@type\":\"WebSite\",\"@id\":\"https:\/\/pavacorp.ca\/#website\",\"url\":\"https:\/\/pavacorp.ca\/\",\"name\":\"Pava Corp.\",\"description\":\"The Montreal Real Estate Company!\",\"potentialAction\":[{\"@type\":\"SearchAction\",\"target\":{\"@type\":\"EntryPoint\",\"urlTemplate\":\"https:\/\/pavacorp.ca\/?s={search_term_string}\"},\"query-input\":{\"@type\":\"PropertyValueSpecification\",\"valueRequired\":true,\"valueName\":\"search_term_string\"}}],\"inLanguage\":\"fr-FR\"}]}<\/script>\n<!-- \/ Yoast SEO plugin. -->","yoast_head_json":{"title":"Entreprise familiale et professionnelle de gestion immobili\u00e8re - Pava Corp. Montreal","description":"Entreprise familiale et professionnelle de gestion immobili\u00e8re, Pava Corp. se concentre sur la gestion et la construction de biens immobiliers commerciaux, ainsi que...","robots":{"index":"index","follow":"follow","max-snippet":"max-snippet:-1","max-image-preview":"max-image-preview:large","max-video-preview":"max-video-preview:-1"},"canonical":"https:\/\/pavacorp.ca\/fr\/","og_locale":"fr_FR","og_type":"article","og_title":"Entreprise familiale et professionnelle de gestion immobili\u00e8re - Pava Corp. Montreal","og_description":"Entreprise familiale et professionnelle de gestion immobili\u00e8re, Pava Corp. se concentre sur la gestion et la construction de biens immobiliers commerciaux, ainsi que...","og_url":"https:\/\/pavacorp.ca\/fr\/","og_site_name":"Pava Corp.","article_modified_time":"2024-09-20T03:36:38+00:00","og_image":[{"url":"https:\/\/pavacorp.ca\/wp-content\/uploads\/2015\/09\/Accueil.jpg","type":"","width":"","height":""}],"twitter_card":"summary_large_image","twitter_misc":{"Dur\u00e9e de lecture estim\u00e9e":"3 minutes"},"schema":{"@context":"https:\/\/schema.org","@graph":[{"@type":"WebPage","@id":"https:\/\/pavacorp.ca\/fr\/","url":"https:\/\/pavacorp.ca\/fr\/","name":"Entreprise familiale et professionnelle de gestion immobili\u00e8re - Pava Corp. Montreal","isPartOf":{"@id":"https:\/\/pavacorp.ca\/#website"},"primaryImageOfPage":{"@id":"https:\/\/pavacorp.ca\/fr\/#primaryimage"},"image":{"@id":"https:\/\/pavacorp.ca\/fr\/#primaryimage"},"thumbnailUrl":"https:\/\/pavacorp.ca\/wp-content\/uploads\/2015\/09\/Accueil.jpg","datePublished":"2024-09-19T03:42:48+00:00","dateModified":"2024-09-20T03:36:38+00:00","description":"Entreprise familiale et professionnelle de gestion immobili\u00e8re, Pava Corp. se concentre sur la gestion et la construction de biens immobiliers commerciaux, ainsi que...","breadcrumb":{"@id":"https:\/\/pavacorp.ca\/fr\/#breadcrumb"},"inLanguage":"fr-FR","potentialAction":[{"@type":"ReadAction","target":["https:\/\/pavacorp.ca\/fr\/"]}]},{"@type":"ImageObject","inLanguage":"fr-FR","@id":"https:\/\/pavacorp.ca\/fr\/#primaryimage","url":"https:\/\/pavacorp.ca\/wp-content\/uploads\/2015\/09\/Accueil.jpg","contentUrl":"https:\/\/pavacorp.ca\/wp-content\/uploads\/2015\/09\/Accueil.jpg"},{"@type":"BreadcrumbList","@id":"https:\/\/pavacorp.ca\/fr\/#breadcrumb","itemListElement":[{"@type":"ListItem","position":1,"name":"Home","item":"https:\/\/pavacorp.ca\/fr\/"},{"@type":"ListItem","position":2,"name":"Accueil"}]},{"@type":"WebSite","@id":"https:\/\/pavacorp.ca\/#website","url":"https:\/\/pavacorp.ca\/","name":"Pava Corp.","description":"The Montreal Real Estate Company!","potentialAction":[{"@type":"SearchAction","target":{"@type":"EntryPoint","urlTemplate":"https:\/\/pavacorp.ca\/?s={search_term_string}"},"query-input":{"@type":"PropertyValueSpecification","valueRequired":true,"valueName":"search_term_string"}}],"inLanguage":"fr-FR"}]}},"_links":{"self":[{"href":"https:\/\/pavacorp.ca\/fr\/wp-json\/wp\/v2\/pages\/6678","targetHints":{"allow":["GET"]}}],"collection":[{"href":"https:\/\/pavacorp.ca\/fr\/wp-json\/wp\/v2\/pages"}],"about":[{"href":"https:\/\/pavacorp.ca\/fr\/wp-json\/wp\/v2\/types\/page"}],"author":[{"embeddable":true,"href":"https:\/\/pavacorp.ca\/fr\/wp-json\/wp\/v2\/users\/1"}],"replies":[{"embeddable":true,"href":"https:\/\/pavacorp.ca\/fr\/wp-json\/wp\/v2\/comments?post=6678"}],"version-history":[{"count":38,"href":"https:\/\/pavacorp.ca\/fr\/wp-json\/wp\/v2\/pages\/6678\/revisions"}],"predecessor-version":[{"id":6880,"href":"https:\/\/pavacorp.ca\/fr\/wp-json\/wp\/v2\/pages\/6678\/revisions\/6880"}],"wp:attachment":[{"href":"https:\/\/pavacorp.ca\/fr\/wp-json\/wp\/v2\/media?parent=6678"}],"curies":[{"name":"wp","href":"https:\/\/api.w.org\/{rel}","templated":true}]}}