{"id":6784,"date":"2024-09-19T01:11:32","date_gmt":"2024-09-19T05:11:32","guid":{"rendered":"https:\/\/pavacorp.ca\/regarding-pava-corp\/"},"modified":"2024-09-19T12:53:32","modified_gmt":"2024-09-19T16:53:32","slug":"entreprise-familiale","status":"publish","type":"page","link":"https:\/\/pavacorp.ca\/fr\/entreprise-familiale\/","title":{"rendered":"\u00c0 propos"},"content":{"rendered":"\t\t<div data-elementor-type=\"wp-page\" data-elementor-id=\"6784\" class=\"elementor elementor-6784 elementor-6724\">\n\t\t\t\t\t\t<section class=\"elementor-section elementor-top-section elementor-element elementor-element-2ae68a9 elementor-section-boxed elementor-section-height-default elementor-section-height-default\" data-id=\"2ae68a9\" data-element_type=\"section\">\n\t\t\t\t\t\t<div class=\"elementor-container elementor-column-gap-default\">\n\t\t\t\t\t<div class=\"elementor-column elementor-col-50 elementor-top-column elementor-element elementor-element-421fb20\" data-id=\"421fb20\" data-element_type=\"column\">\n\t\t\t<div class=\"elementor-widget-wrap elementor-element-populated\">\n\t\t\t\t\t\t<div class=\"elementor-element elementor-element-d1605b5 elementor-widget elementor-widget-image\" data-id=\"d1605b5\" data-element_type=\"widget\" data-widget_type=\"image.default\">\n\t\t\t\t<div class=\"elementor-widget-container\">\n\t\t\t\t\t\t\t\t\t\t\t\t\t\t\t<img fetchpriority=\"high\" decoding=\"async\" width=\"703\" height=\"948\" src=\"https:\/\/pavacorp.ca\/wp-content\/uploads\/2015\/09\/conference.jpg\" class=\"attachment-large size-large wp-image-6427\" alt=\"\" srcset=\"https:\/\/pavacorp.ca\/wp-content\/uploads\/2015\/09\/conference.jpg 703w, https:\/\/pavacorp.ca\/wp-content\/uploads\/2015\/09\/conference-222x300.jpg 222w\" sizes=\"(max-width: 703px) 100vw, 703px\" \/>\t\t\t\t\t\t\t\t\t\t\t\t\t\t\t<\/div>\n\t\t\t\t<\/div>\n\t\t\t\t<div class=\"elementor-element elementor-element-9de2089 elementor-widget elementor-widget-image\" data-id=\"9de2089\" data-element_type=\"widget\" data-widget_type=\"image.default\">\n\t\t\t\t<div class=\"elementor-widget-container\">\n\t\t\t\t\t\t\t\t\t\t\t\t\t\t\t<img decoding=\"async\" width=\"1024\" height=\"602\" src=\"https:\/\/pavacorp.ca\/wp-content\/uploads\/2015\/08\/PAVACORPLOGO-vecto-1024x602.jpg\" class=\"attachment-large size-large wp-image-6238\" alt=\"\" srcset=\"https:\/\/pavacorp.ca\/wp-content\/uploads\/2015\/08\/PAVACORPLOGO-vecto-1024x602.jpg 1024w, https:\/\/pavacorp.ca\/wp-content\/uploads\/2015\/08\/PAVACORPLOGO-vecto-300x176.jpg 300w, https:\/\/pavacorp.ca\/wp-content\/uploads\/2015\/08\/PAVACORPLOGO-vecto-768x452.jpg 768w\" sizes=\"(max-width: 1024px) 100vw, 1024px\" \/>\t\t\t\t\t\t\t\t\t\t\t\t\t\t\t<\/div>\n\t\t\t\t<\/div>\n\t\t\t\t\t<\/div>\n\t\t<\/div>\n\t\t\t\t<div class=\"elementor-column elementor-col-50 elementor-top-column elementor-element elementor-element-8d57b3e\" data-id=\"8d57b3e\" data-element_type=\"column\">\n\t\t\t<div class=\"elementor-widget-wrap elementor-element-populated\">\n\t\t\t\t\t\t<div class=\"elementor-element elementor-element-2bf658b elementor-widget elementor-widget-text-editor\" data-id=\"2bf658b\" data-element_type=\"widget\" data-widget_type=\"text-editor.default\">\n\t\t\t\t<div class=\"elementor-widget-container\">\n\t\t\t\t\t\t\t\t\t<h3>\u00c0 propos de nous<\/h3><p>De nos jours, le march\u00e9 immobilier requiert beaucoup plus que de bons consultants. Il requiert en effet un partenariat d\u2019affaires avec une expertise et des ressources pour aider les clients \u00e0 atteindre leurs buts en investissement immobilier.<\/p><p>\u00c9tablit en 1984 Pava Corp. \u00e9tait d\u2019abord une petite soci\u00e9t\u00e9 de placement avec l\u2019ambition d\u2019\u00e9tablir une pr\u00e9sence de qualit\u00e9 au sein du march\u00e9 pancanadien, le plus comp\u00e9titif de tous.<\/p><p>Depuis, Pava Corp. est devenue une entreprise familiale fort \u00e9nergique, g\u00e9rant 2 millions de pieds carr\u00e9s de superficie sur l\u2019\u00eele de Montr\u00e9al et les alentours. Quelques-uns de nos locataires sont des bureaux gouvernementaux, provinciaux et f\u00e9d\u00e9raux, des institutions connues ainsi que des entreprises bien \u00e9tablies.<\/p><p>Notre entreprise a \u00e9t\u00e9 fond\u00e9e sur la croyance qu\u2019un service impeccable vient d\u2019une connaissance approfondie du march\u00e9 et de l\u2019exp\u00e9rience professionnelle. Ainsi, notre \u00e9quipe travaille de concert avec nos clients pour identifier et r\u00e9pondre aux besoins actuels et futurs. Nous avons travaill\u00e9 avec plusieurs des plus grandes compagnies de l\u2019industrie immobili\u00e8re au cours des deux derniers si\u00e8cles. Nos succ\u00e8s et notre vis\u00e9e vers l\u2019excellence s\u2019appuient sur un conseil ind\u00e9pendant et opportun, un conseil solide ainsi qu\u2019un service \u00e0 la client\u00e8le irr\u00e9prochable, bref, tout ce que nos clients privil\u00e9gient.<\/p><p>Ce niveau de leadership, assorti de proactivit\u00e9, de qualit\u00e9 et de transparence r\u00e9sulte en un service int\u00e9gr\u00e9 in\u00e9gal\u00e9 au sein du march\u00e9 immobilier montr\u00e9alais. Nos relations, bas\u00e9es sur la confiance et une claire compr\u00e9hension de nos clients \u2013 et de leur entreprise \u2013 font partie int\u00e9grante de Pava Corp.<\/p><p><a href=\"https:\/\/pavacorp.ca\/fr\/contactez-nous\/\">Communiquez avec nous<\/a> pour en savoir plus \u00e0 notre sujet ou sur nos activit\u00e9s.<\/p><p>\u00a0<\/p>\t\t\t\t\t\t\t\t<\/div>\n\t\t\t\t<\/div>\n\t\t\t\t\t<\/div>\n\t\t<\/div>\n\t\t\t\t\t<\/div>\n\t\t<\/section>\n\t\t\t\t<section class=\"elementor-section elementor-top-section elementor-element elementor-element-e14d764 elementor-section-boxed elementor-section-height-default elementor-section-height-default\" data-id=\"e14d764\" data-element_type=\"section\">\n\t\t\t\t\t\t<div class=\"elementor-container elementor-column-gap-default\">\n\t\t\t\t\t<div class=\"elementor-column elementor-col-100 elementor-top-column elementor-element elementor-element-046b466\" data-id=\"046b466\" data-element_type=\"column\">\n\t\t\t<div class=\"elementor-widget-wrap elementor-element-populated\">\n\t\t\t\t\t\t<div class=\"elementor-element elementor-element-8cfa02d elementor-widget elementor-widget-heading\" data-id=\"8cfa02d\" data-element_type=\"widget\" data-widget_type=\"heading.default\">\n\t\t\t\t<div class=\"elementor-widget-container\">\n\t\t\t\t\t<h2 class=\"elementor-heading-title elementor-size-default\">Nos b\u00e2timents<\/h2>\t\t\t\t<\/div>\n\t\t\t\t<\/div>\n\t\t\t\t<div class=\"elementor-element elementor-element-c2152b2 elementor-arrows-position-inside elementor-pagination-position-outside elementor-widget elementor-widget-image-carousel\" data-id=\"c2152b2\" data-element_type=\"widget\" data-settings=\"{&quot;slides_to_show&quot;:&quot;5&quot;,&quot;navigation&quot;:&quot;both&quot;,&quot;autoplay&quot;:&quot;yes&quot;,&quot;pause_on_hover&quot;:&quot;yes&quot;,&quot;pause_on_interaction&quot;:&quot;yes&quot;,&quot;autoplay_speed&quot;:5000,&quot;infinite&quot;:&quot;yes&quot;,&quot;speed&quot;:500}\" data-widget_type=\"image-carousel.default\">\n\t\t\t\t<div class=\"elementor-widget-container\">\n\t\t\t\t\t\t\t<div class=\"elementor-image-carousel-wrapper swiper\" role=\"region\" aria-roledescription=\"carousel\" aria-label=\"Carrousel d\u2019images\" dir=\"ltr\">\n\t\t\t<div class=\"elementor-image-carousel swiper-wrapper\" aria-live=\"off\">\n\t\t\t\t\t\t\t\t<div class=\"swiper-slide\" role=\"group\" aria-roledescription=\"slide\" aria-label=\"1 sur 5\"><figure class=\"swiper-slide-inner\"><img decoding=\"async\" class=\"swiper-slide-image\" src=\"https:\/\/pavacorp.ca\/wp-content\/uploads\/2015\/08\/About1-150x150.jpg\" alt=\"About1\" \/><\/figure><\/div><div class=\"swiper-slide\" role=\"group\" aria-roledescription=\"slide\" aria-label=\"2 sur 5\"><figure class=\"swiper-slide-inner\"><img decoding=\"async\" class=\"swiper-slide-image\" src=\"https:\/\/pavacorp.ca\/wp-content\/uploads\/2015\/08\/About2-150x150.jpg\" alt=\"About2\" \/><\/figure><\/div><div class=\"swiper-slide\" role=\"group\" aria-roledescription=\"slide\" aria-label=\"3 sur 5\"><figure class=\"swiper-slide-inner\"><img decoding=\"async\" class=\"swiper-slide-image\" src=\"https:\/\/pavacorp.ca\/wp-content\/uploads\/2015\/08\/About5-150x150.jpg\" alt=\"About5\" \/><\/figure><\/div><div class=\"swiper-slide\" role=\"group\" aria-roledescription=\"slide\" aria-label=\"4 sur 5\"><figure class=\"swiper-slide-inner\"><img decoding=\"async\" class=\"swiper-slide-image\" src=\"https:\/\/pavacorp.ca\/wp-content\/uploads\/2018\/08\/8481-Langelier-04-2-150x150.jpg\" alt=\"8481, boulevard Langelier, Saint-L\u00e9onard\" \/><\/figure><\/div><div class=\"swiper-slide\" role=\"group\" aria-roledescription=\"slide\" aria-label=\"5 sur 5\"><figure class=\"swiper-slide-inner\"><img decoding=\"async\" class=\"swiper-slide-image\" src=\"https:\/\/pavacorp.ca\/wp-content\/uploads\/2018\/08\/Scan_Pic0003_retouche-150x150.jpg\" alt=\"6505, route Transcanadienne &amp; 555, boulevard Dr.-Frederik-Philips\" \/><\/figure><\/div>\t\t\t<\/div>\n\t\t\t\t\t\t\t\t\t\t\t\t<div class=\"elementor-swiper-button elementor-swiper-button-prev\" role=\"button\" tabindex=\"0\">\n\t\t\t\t\t\t<i aria-hidden=\"true\" class=\"eicon-chevron-left\"><\/i>\t\t\t\t\t<\/div>\n\t\t\t\t\t<div class=\"elementor-swiper-button elementor-swiper-button-next\" role=\"button\" tabindex=\"0\">\n\t\t\t\t\t\t<i aria-hidden=\"true\" class=\"eicon-chevron-right\"><\/i>\t\t\t\t\t<\/div>\n\t\t\t\t\n\t\t\t\t\t\t\t\t\t<div class=\"swiper-pagination\"><\/div>\n\t\t\t\t\t\t\t\t\t<\/div>\n\t\t\t\t\t\t<\/div>\n\t\t\t\t<\/div>\n\t\t\t\t\t<\/div>\n\t\t<\/div>\n\t\t\t\t\t<\/div>\n\t\t<\/section>\n\t\t\t\t<\/div>\n\t\t","protected":false},"excerpt":{"rendered":"<p>\u00c0 propos de nous De nos jours, le march\u00e9 immobilier requiert beaucoup plus que de bons consultants. Il requiert en effet un partenariat d\u2019affaires avec une expertise et des ressources pour aider les clients \u00e0 atteindre leurs buts en investissement immobilier. \u00c9tablit en 1984 Pava Corp. \u00e9tait d\u2019abord une petite soci\u00e9t\u00e9 de placement avec l\u2019ambition d\u2019\u00e9tablir une pr\u00e9sence de qualit\u00e9 au sein du march\u00e9 pancanadien, le plus comp\u00e9titif de tous. Depuis, Pava Corp. est devenue une entreprise familiale fort \u00e9nergique, g\u00e9rant 2 millions de pieds carr\u00e9s de superficie sur l\u2019\u00eele de Montr\u00e9al et les alentours. Quelques-uns de nos locataires sont des bureaux gouvernementaux, provinciaux et f\u00e9d\u00e9raux, des institutions connues ainsi que des entreprises bien \u00e9tablies. Notre entreprise a \u00e9t\u00e9 fond\u00e9e sur la croyance qu\u2019un service impeccable vient d\u2019une connaissance approfondie du march\u00e9 et de l\u2019exp\u00e9rience professionnelle. Ainsi, notre \u00e9quipe travaille de concert avec nos clients pour identifier et r\u00e9pondre aux besoins actuels et futurs. Nous avons travaill\u00e9 avec plusieurs des plus grandes compagnies de l\u2019industrie immobili\u00e8re au cours des deux derniers si\u00e8cles. Nos succ\u00e8s et notre vis\u00e9e vers l\u2019excellence s\u2019appuient sur un conseil ind\u00e9pendant et opportun, un conseil solide ainsi qu\u2019un service \u00e0 la client\u00e8le irr\u00e9prochable, bref, tout ce que nos clients privil\u00e9gient. Ce niveau de leadership, assorti de proactivit\u00e9, de qualit\u00e9 et de transparence r\u00e9sulte en un service int\u00e9gr\u00e9 in\u00e9gal\u00e9 au sein du march\u00e9 immobilier montr\u00e9alais. Nos relations, bas\u00e9es sur la confiance et une claire compr\u00e9hension de nos clients \u2013 et de leur entreprise \u2013 font partie int\u00e9grante de Pava Corp. Communiquez avec nous pour en savoir plus \u00e0 notre sujet ou sur nos activit\u00e9s. Nos b\u00e2timents<\/p>\n","protected":false},"author":1,"featured_media":0,"parent":0,"menu_order":0,"comment_status":"closed","ping_status":"closed","template":"","meta":{"footnotes":""},"class_list":["post-6784","page","type-page","status-publish","hentry"],"yoast_head":"<!-- This site is optimized with the Yoast SEO plugin v25.0 - https:\/\/yoast.com\/wordpress\/plugins\/seo\/ -->\n<title>Entreprise familiale, Pava Corp. est situ\u00e9e \u00e0 Montr\u00e9al.<\/title>\n<meta name=\"description\" content=\"Entreprise familiale, Pava Corp. g\u00e8re 2 millions de pieds carr\u00e9s de superficie locative sur l\u2019\u00eele de Montr\u00e9al et les alentours.\" \/>\n<meta name=\"robots\" content=\"index, follow, max-snippet:-1, max-image-preview:large, max-video-preview:-1\" \/>\n<link rel=\"canonical\" href=\"https:\/\/pavacorp.ca\/fr\/entreprise-familiale\/\" \/>\n<meta property=\"og:locale\" content=\"fr_FR\" \/>\n<meta property=\"og:type\" content=\"article\" \/>\n<meta property=\"og:title\" content=\"Entreprise familiale, Pava Corp. est situ\u00e9e \u00e0 Montr\u00e9al.\" \/>\n<meta property=\"og:description\" content=\"Entreprise familiale, Pava Corp. g\u00e8re 2 millions de pieds carr\u00e9s de superficie locative sur l\u2019\u00eele de Montr\u00e9al et les alentours.\" \/>\n<meta property=\"og:url\" content=\"https:\/\/pavacorp.ca\/fr\/entreprise-familiale\/\" \/>\n<meta property=\"og:site_name\" content=\"Pava Corp.\" \/>\n<meta property=\"article:modified_time\" content=\"2024-09-19T16:53:32+00:00\" \/>\n<meta property=\"og:image\" content=\"https:\/\/pavacorp.ca\/wp-content\/uploads\/2015\/09\/conference.jpg\" \/>\n<meta name=\"twitter:card\" content=\"summary_large_image\" \/>\n<meta name=\"twitter:label1\" content=\"Dur\u00e9e de lecture estim\u00e9e\" \/>\n\t<meta name=\"twitter:data1\" content=\"3 minutes\" \/>\n<script type=\"application\/ld+json\" class=\"yoast-schema-graph\">{\"@context\":\"https:\/\/schema.org\",\"@graph\":[{\"@type\":\"WebPage\",\"@id\":\"https:\/\/pavacorp.ca\/fr\/entreprise-familiale\/\",\"url\":\"https:\/\/pavacorp.ca\/fr\/entreprise-familiale\/\",\"name\":\"Entreprise familiale, Pava Corp. est situ\u00e9e \u00e0 Montr\u00e9al.\",\"isPartOf\":{\"@id\":\"https:\/\/pavacorp.ca\/#website\"},\"primaryImageOfPage\":{\"@id\":\"https:\/\/pavacorp.ca\/fr\/entreprise-familiale\/#primaryimage\"},\"image\":{\"@id\":\"https:\/\/pavacorp.ca\/fr\/entreprise-familiale\/#primaryimage\"},\"thumbnailUrl\":\"https:\/\/pavacorp.ca\/wp-content\/uploads\/2015\/09\/conference.jpg\",\"datePublished\":\"2024-09-19T05:11:32+00:00\",\"dateModified\":\"2024-09-19T16:53:32+00:00\",\"description\":\"Entreprise familiale, Pava Corp. g\u00e8re 2 millions de pieds carr\u00e9s de superficie locative sur l\u2019\u00eele de Montr\u00e9al et les alentours.\",\"breadcrumb\":{\"@id\":\"https:\/\/pavacorp.ca\/fr\/entreprise-familiale\/#breadcrumb\"},\"inLanguage\":\"fr-FR\",\"potentialAction\":[{\"@type\":\"ReadAction\",\"target\":[\"https:\/\/pavacorp.ca\/fr\/entreprise-familiale\/\"]}]},{\"@type\":\"ImageObject\",\"inLanguage\":\"fr-FR\",\"@id\":\"https:\/\/pavacorp.ca\/fr\/entreprise-familiale\/#primaryimage\",\"url\":\"https:\/\/pavacorp.ca\/wp-content\/uploads\/2015\/09\/conference.jpg\",\"contentUrl\":\"https:\/\/pavacorp.ca\/wp-content\/uploads\/2015\/09\/conference.jpg\"},{\"@type\":\"BreadcrumbList\",\"@id\":\"https:\/\/pavacorp.ca\/fr\/entreprise-familiale\/#breadcrumb\",\"itemListElement\":[{\"@type\":\"ListItem\",\"position\":1,\"name\":\"Home\",\"item\":\"https:\/\/pavacorp.ca\/fr\/\"},{\"@type\":\"ListItem\",\"position\":2,\"name\":\"\u00c0 propos\"}]},{\"@type\":\"WebSite\",\"@id\":\"https:\/\/pavacorp.ca\/#website\",\"url\":\"https:\/\/pavacorp.ca\/\",\"name\":\"Pava Corp.\",\"description\":\"The Montreal Real Estate Company!\",\"potentialAction\":[{\"@type\":\"SearchAction\",\"target\":{\"@type\":\"EntryPoint\",\"urlTemplate\":\"https:\/\/pavacorp.ca\/?s={search_term_string}\"},\"query-input\":{\"@type\":\"PropertyValueSpecification\",\"valueRequired\":true,\"valueName\":\"search_term_string\"}}],\"inLanguage\":\"fr-FR\"}]}<\/script>\n<!-- \/ Yoast SEO plugin. -->","yoast_head_json":{"title":"Entreprise familiale, Pava Corp. est situ\u00e9e \u00e0 Montr\u00e9al.","description":"Entreprise familiale, Pava Corp. g\u00e8re 2 millions de pieds carr\u00e9s de superficie locative sur l\u2019\u00eele de Montr\u00e9al et les alentours.","robots":{"index":"index","follow":"follow","max-snippet":"max-snippet:-1","max-image-preview":"max-image-preview:large","max-video-preview":"max-video-preview:-1"},"canonical":"https:\/\/pavacorp.ca\/fr\/entreprise-familiale\/","og_locale":"fr_FR","og_type":"article","og_title":"Entreprise familiale, Pava Corp. est situ\u00e9e \u00e0 Montr\u00e9al.","og_description":"Entreprise familiale, Pava Corp. g\u00e8re 2 millions de pieds carr\u00e9s de superficie locative sur l\u2019\u00eele de Montr\u00e9al et les alentours.","og_url":"https:\/\/pavacorp.ca\/fr\/entreprise-familiale\/","og_site_name":"Pava Corp.","article_modified_time":"2024-09-19T16:53:32+00:00","og_image":[{"url":"https:\/\/pavacorp.ca\/wp-content\/uploads\/2015\/09\/conference.jpg","type":"","width":"","height":""}],"twitter_card":"summary_large_image","twitter_misc":{"Dur\u00e9e de lecture estim\u00e9e":"3 minutes"},"schema":{"@context":"https:\/\/schema.org","@graph":[{"@type":"WebPage","@id":"https:\/\/pavacorp.ca\/fr\/entreprise-familiale\/","url":"https:\/\/pavacorp.ca\/fr\/entreprise-familiale\/","name":"Entreprise familiale, Pava Corp. est situ\u00e9e \u00e0 Montr\u00e9al.","isPartOf":{"@id":"https:\/\/pavacorp.ca\/#website"},"primaryImageOfPage":{"@id":"https:\/\/pavacorp.ca\/fr\/entreprise-familiale\/#primaryimage"},"image":{"@id":"https:\/\/pavacorp.ca\/fr\/entreprise-familiale\/#primaryimage"},"thumbnailUrl":"https:\/\/pavacorp.ca\/wp-content\/uploads\/2015\/09\/conference.jpg","datePublished":"2024-09-19T05:11:32+00:00","dateModified":"2024-09-19T16:53:32+00:00","description":"Entreprise familiale, Pava Corp. g\u00e8re 2 millions de pieds carr\u00e9s de superficie locative sur l\u2019\u00eele de Montr\u00e9al et les alentours.","breadcrumb":{"@id":"https:\/\/pavacorp.ca\/fr\/entreprise-familiale\/#breadcrumb"},"inLanguage":"fr-FR","potentialAction":[{"@type":"ReadAction","target":["https:\/\/pavacorp.ca\/fr\/entreprise-familiale\/"]}]},{"@type":"ImageObject","inLanguage":"fr-FR","@id":"https:\/\/pavacorp.ca\/fr\/entreprise-familiale\/#primaryimage","url":"https:\/\/pavacorp.ca\/wp-content\/uploads\/2015\/09\/conference.jpg","contentUrl":"https:\/\/pavacorp.ca\/wp-content\/uploads\/2015\/09\/conference.jpg"},{"@type":"BreadcrumbList","@id":"https:\/\/pavacorp.ca\/fr\/entreprise-familiale\/#breadcrumb","itemListElement":[{"@type":"ListItem","position":1,"name":"Home","item":"https:\/\/pavacorp.ca\/fr\/"},{"@type":"ListItem","position":2,"name":"\u00c0 propos"}]},{"@type":"WebSite","@id":"https:\/\/pavacorp.ca\/#website","url":"https:\/\/pavacorp.ca\/","name":"Pava Corp.","description":"The Montreal Real Estate Company!","potentialAction":[{"@type":"SearchAction","target":{"@type":"EntryPoint","urlTemplate":"https:\/\/pavacorp.ca\/?s={search_term_string}"},"query-input":{"@type":"PropertyValueSpecification","valueRequired":true,"valueName":"search_term_string"}}],"inLanguage":"fr-FR"}]}},"_links":{"self":[{"href":"https:\/\/pavacorp.ca\/fr\/wp-json\/wp\/v2\/pages\/6784","targetHints":{"allow":["GET"]}}],"collection":[{"href":"https:\/\/pavacorp.ca\/fr\/wp-json\/wp\/v2\/pages"}],"about":[{"href":"https:\/\/pavacorp.ca\/fr\/wp-json\/wp\/v2\/types\/page"}],"author":[{"embeddable":true,"href":"https:\/\/pavacorp.ca\/fr\/wp-json\/wp\/v2\/users\/1"}],"replies":[{"embeddable":true,"href":"https:\/\/pavacorp.ca\/fr\/wp-json\/wp\/v2\/comments?post=6784"}],"version-history":[{"count":9,"href":"https:\/\/pavacorp.ca\/fr\/wp-json\/wp\/v2\/pages\/6784\/revisions"}],"predecessor-version":[{"id":6794,"href":"https:\/\/pavacorp.ca\/fr\/wp-json\/wp\/v2\/pages\/6784\/revisions\/6794"}],"wp:attachment":[{"href":"https:\/\/pavacorp.ca\/fr\/wp-json\/wp\/v2\/media?parent=6784"}],"curies":[{"name":"wp","href":"https:\/\/api.w.org\/{rel}","templated":true}]}}