{"id":6833,"date":"2024-09-19T11:32:11","date_gmt":"2024-09-19T15:32:11","guid":{"rendered":"https:\/\/pavacorp.ca\/rosanova-2\/"},"modified":"2024-09-19T13:59:26","modified_gmt":"2024-09-19T17:59:26","slug":"rosanova","status":"publish","type":"page","link":"https:\/\/pavacorp.ca\/fr\/rosanova\/","title":{"rendered":"Rosanova"},"content":{"rendered":"\t\t<div data-elementor-type=\"wp-page\" data-elementor-id=\"6833\" class=\"elementor elementor-6833 elementor-6741\">\n\t\t\t\t\t\t<section class=\"elementor-section elementor-top-section elementor-element elementor-element-53a4b85 elementor-section-boxed elementor-section-height-default elementor-section-height-default\" data-id=\"53a4b85\" data-element_type=\"section\">\n\t\t\t\t\t\t<div class=\"elementor-container elementor-column-gap-default\">\n\t\t\t\t\t<div class=\"elementor-column elementor-col-100 elementor-top-column elementor-element elementor-element-5018b19\" data-id=\"5018b19\" data-element_type=\"column\">\n\t\t\t<div class=\"elementor-widget-wrap elementor-element-populated\">\n\t\t\t\t\t\t<div class=\"elementor-element elementor-element-e7a238b elementor-widget elementor-widget-heading\" data-id=\"e7a238b\" data-element_type=\"widget\" data-widget_type=\"heading.default\">\n\t\t\t\t<div class=\"elementor-widget-container\">\n\t\t\t\t\t<h1 class=\"elementor-heading-title elementor-size-default\">Rosanova :\u00a0vivre avec\u00a0passion!<\/h1>\t\t\t\t<\/div>\n\t\t\t\t<\/div>\n\t\t\t\t<div class=\"elementor-element elementor-element-fc2fb9d elementor-widget elementor-widget-image\" data-id=\"fc2fb9d\" data-element_type=\"widget\" data-widget_type=\"image.default\">\n\t\t\t\t<div class=\"elementor-widget-container\">\n\t\t\t\t\t\t\t\t\t\t\t\t\t\t\t<img fetchpriority=\"high\" decoding=\"async\" width=\"1024\" height=\"242\" src=\"https:\/\/pavacorp.ca\/wp-content\/uploads\/2017\/04\/logo-avec-lueur-1024x242.png\" class=\"attachment-large size-large wp-image-6250\" alt=\"\" srcset=\"https:\/\/pavacorp.ca\/wp-content\/uploads\/2017\/04\/logo-avec-lueur-1024x242.png 1024w, https:\/\/pavacorp.ca\/wp-content\/uploads\/2017\/04\/logo-avec-lueur-300x71.png 300w, https:\/\/pavacorp.ca\/wp-content\/uploads\/2017\/04\/logo-avec-lueur-768x182.png 768w, https:\/\/pavacorp.ca\/wp-content\/uploads\/2017\/04\/logo-avec-lueur.png 1200w\" sizes=\"(max-width: 1024px) 100vw, 1024px\" \/>\t\t\t\t\t\t\t\t\t\t\t\t\t\t\t<\/div>\n\t\t\t\t<\/div>\n\t\t\t\t<div class=\"elementor-element elementor-element-461fb86 elementor-widget elementor-widget-heading\" data-id=\"461fb86\" data-element_type=\"widget\" data-widget_type=\"heading.default\">\n\t\t\t\t<div class=\"elementor-widget-container\">\n\t\t\t\t\t<h3 class=\"elementor-heading-title elementor-size-default\">La nature \u00e0 vos pieds et la ville \u00e0 votre porte<\/h3>\t\t\t\t<\/div>\n\t\t\t\t<\/div>\n\t\t\t\t<div class=\"elementor-element elementor-element-4867238 elementor-widget elementor-widget-text-editor\" data-id=\"4867238\" data-element_type=\"widget\" data-widget_type=\"text-editor.default\">\n\t\t\t\t<div class=\"elementor-widget-container\">\n\t\t\t\t\t\t\t\t\t<p>Nous b\u00e2tissons des condos et penthouses sur mesure, aux dimensions humaines, chaleureuses et modernes.<\/p><p>RosaNova est un projet o\u00f9 la minutie n\u2019est pas un d\u00e9tail. La ville et l\u2019eau s&rsquo;y rencontrent, les journ\u00e9es se vivent la nature \u00e0 vos pieds et la ville \u00e0 votre porte et la qualit\u00e9 de vie n\u2019a d\u2019\u00e9gale que la qualit\u00e9 de vos voisins.<\/p><p>C\u2019est un projet pour les gens chez qui la vie se vit sans compromis.<\/p>\t\t\t\t\t\t\t\t<\/div>\n\t\t\t\t<\/div>\n\t\t\t\t<div class=\"elementor-element elementor-element-79c0883 elementor-widget elementor-widget-image-gallery\" data-id=\"79c0883\" data-element_type=\"widget\" data-widget_type=\"image-gallery.default\">\n\t\t\t\t<div class=\"elementor-widget-container\">\n\t\t\t\t\t\t\t<div class=\"elementor-image-gallery\">\n\t\t\t<div id='gallery-1' class='gallery galleryid-6833 gallery-columns-4 gallery-size-medium'><figure class='gallery-item'>\n\t\t\t<div class='gallery-icon landscape'>\n\t\t\t\t<a data-elementor-open-lightbox=\"yes\" data-elementor-lightbox-slideshow=\"79c0883\" data-elementor-lightbox-title=\"rosa-04\" data-e-action-hash=\"#elementor-action%3Aaction%3Dlightbox%26settings%3DeyJpZCI6NjI1NCwidXJsIjoiaHR0cHM6XC9cL3BhdmFjb3JwLmNhXC93cC1jb250ZW50XC91cGxvYWRzXC8yMDE3XC8wNFwvcm9zYS0wNC5qcGciLCJzbGlkZXNob3ciOiI3OWMwODgzIn0%3D\" href='https:\/\/pavacorp.ca\/wp-content\/uploads\/2017\/04\/rosa-04.jpg'><img decoding=\"async\" width=\"300\" height=\"210\" src=\"https:\/\/pavacorp.ca\/wp-content\/uploads\/2017\/04\/rosa-04-300x210.jpg\" class=\"attachment-medium size-medium\" alt=\"\" srcset=\"https:\/\/pavacorp.ca\/wp-content\/uploads\/2017\/04\/rosa-04-300x210.jpg 300w, https:\/\/pavacorp.ca\/wp-content\/uploads\/2017\/04\/rosa-04.jpg 500w\" sizes=\"(max-width: 300px) 100vw, 300px\" \/><\/a>\n\t\t\t<\/div><\/figure><figure class='gallery-item'>\n\t\t\t<div class='gallery-icon landscape'>\n\t\t\t\t<a data-elementor-open-lightbox=\"yes\" data-elementor-lightbox-slideshow=\"79c0883\" data-elementor-lightbox-title=\"rosa-01\" data-e-action-hash=\"#elementor-action%3Aaction%3Dlightbox%26settings%3DeyJpZCI6NjI1MSwidXJsIjoiaHR0cHM6XC9cL3BhdmFjb3JwLmNhXC93cC1jb250ZW50XC91cGxvYWRzXC8yMDE3XC8wNFwvcm9zYS0wMS5qcGciLCJzbGlkZXNob3ciOiI3OWMwODgzIn0%3D\" href='https:\/\/pavacorp.ca\/wp-content\/uploads\/2017\/04\/rosa-01.jpg'><img decoding=\"async\" width=\"300\" height=\"210\" src=\"https:\/\/pavacorp.ca\/wp-content\/uploads\/2017\/04\/rosa-01-300x210.jpg\" class=\"attachment-medium size-medium\" alt=\"\" srcset=\"https:\/\/pavacorp.ca\/wp-content\/uploads\/2017\/04\/rosa-01-300x210.jpg 300w, https:\/\/pavacorp.ca\/wp-content\/uploads\/2017\/04\/rosa-01.jpg 500w\" sizes=\"(max-width: 300px) 100vw, 300px\" \/><\/a>\n\t\t\t<\/div><\/figure><figure class='gallery-item'>\n\t\t\t<div class='gallery-icon landscape'>\n\t\t\t\t<a data-elementor-open-lightbox=\"yes\" data-elementor-lightbox-slideshow=\"79c0883\" data-elementor-lightbox-title=\"rosa-02\" data-e-action-hash=\"#elementor-action%3Aaction%3Dlightbox%26settings%3DeyJpZCI6NjI1MiwidXJsIjoiaHR0cHM6XC9cL3BhdmFjb3JwLmNhXC93cC1jb250ZW50XC91cGxvYWRzXC8yMDE3XC8wNFwvcm9zYS0wMi5qcGciLCJzbGlkZXNob3ciOiI3OWMwODgzIn0%3D\" href='https:\/\/pavacorp.ca\/wp-content\/uploads\/2017\/04\/rosa-02.jpg'><img loading=\"lazy\" decoding=\"async\" width=\"300\" height=\"210\" src=\"https:\/\/pavacorp.ca\/wp-content\/uploads\/2017\/04\/rosa-02-300x210.jpg\" class=\"attachment-medium size-medium\" alt=\"\" srcset=\"https:\/\/pavacorp.ca\/wp-content\/uploads\/2017\/04\/rosa-02-300x210.jpg 300w, https:\/\/pavacorp.ca\/wp-content\/uploads\/2017\/04\/rosa-02.jpg 500w\" sizes=\"(max-width: 300px) 100vw, 300px\" \/><\/a>\n\t\t\t<\/div><\/figure><figure class='gallery-item'>\n\t\t\t<div class='gallery-icon landscape'>\n\t\t\t\t<a data-elementor-open-lightbox=\"yes\" data-elementor-lightbox-slideshow=\"79c0883\" data-elementor-lightbox-title=\"rosa-03\" data-e-action-hash=\"#elementor-action%3Aaction%3Dlightbox%26settings%3DeyJpZCI6NjI1MywidXJsIjoiaHR0cHM6XC9cL3BhdmFjb3JwLmNhXC93cC1jb250ZW50XC91cGxvYWRzXC8yMDE3XC8wNFwvcm9zYS0wMy5qcGciLCJzbGlkZXNob3ciOiI3OWMwODgzIn0%3D\" href='https:\/\/pavacorp.ca\/wp-content\/uploads\/2017\/04\/rosa-03.jpg'><img loading=\"lazy\" decoding=\"async\" width=\"300\" height=\"210\" src=\"https:\/\/pavacorp.ca\/wp-content\/uploads\/2017\/04\/rosa-03-300x210.jpg\" class=\"attachment-medium size-medium\" alt=\"\" srcset=\"https:\/\/pavacorp.ca\/wp-content\/uploads\/2017\/04\/rosa-03-300x210.jpg 300w, https:\/\/pavacorp.ca\/wp-content\/uploads\/2017\/04\/rosa-03.jpg 500w\" sizes=\"(max-width: 300px) 100vw, 300px\" \/><\/a>\n\t\t\t<\/div><\/figure>\n\t\t<\/div>\n\t\t<\/div>\n\t\t\t\t\t\t<\/div>\n\t\t\t\t<\/div>\n\t\t\t\t<div class=\"elementor-element elementor-element-45d1904 elementor-widget elementor-widget-heading\" data-id=\"45d1904\" data-element_type=\"widget\" data-widget_type=\"heading.default\">\n\t\t\t\t<div class=\"elementor-widget-container\">\n\t\t\t\t\t<h3 class=\"elementor-heading-title elementor-size-default\">Rosanova : un emplacement de choix<\/h3>\t\t\t\t<\/div>\n\t\t\t\t<\/div>\n\t\t\t\t<div class=\"elementor-element elementor-element-3fa585d elementor-widget elementor-widget-text-editor\" data-id=\"3fa585d\" data-element_type=\"widget\" data-widget_type=\"text-editor.default\">\n\t\t\t\t<div class=\"elementor-widget-container\">\n\t\t\t\t\t\t\t\t\t<p>Bienvenue au RosaNova. Ici, la ville se vit en pleine nature. Quittez les grands axes routiers et d\u00e9couvrez en quelques minutes le boulevard Mattawa. \u00c9loignez-vous des bruits urbains et faites place au chant des oiseaux du refuge faunique voisin.<\/p><p>Id\u00e9alement situ\u00e9 \u00e0 Laval, ce projet r\u00e9sidentiel d\u2019exception s\u2019\u00e9l\u00e8ve en bordure du golf Le Ste-Rose, \u00e0 deux pas de la rivi\u00e8re des Mille-\u00celes. De chez vous, vous surplombez une nature majestueuse tout en savourant la proximit\u00e9 de tous les attraits urbains.<\/p><p><span class=\"dd2h3\">Pour plus d&rsquo;information, communiquez avec\u00a0<\/span><a href=\"mailto:support@pavacorp.ca?subject=Rental%20Inquiry\">Peter Triassi<\/a>\u00a0(514 329-5430, poste 226).<\/p>\t\t\t\t\t\t\t\t<\/div>\n\t\t\t\t<\/div>\n\t\t\t\t\t<\/div>\n\t\t<\/div>\n\t\t\t\t\t<\/div>\n\t\t<\/section>\n\t\t\t\t<\/div>\n\t\t","protected":false},"excerpt":{"rendered":"<p>Rosanova :\u00a0vivre avec\u00a0passion! La nature \u00e0 vos pieds et la ville \u00e0 votre porte Nous b\u00e2tissons des condos et penthouses sur mesure, aux dimensions humaines, chaleureuses et modernes. RosaNova est un projet o\u00f9 la minutie n\u2019est pas un d\u00e9tail. La ville et l\u2019eau s&rsquo;y rencontrent, les journ\u00e9es se vivent la nature \u00e0 vos pieds et la ville \u00e0 votre porte et la qualit\u00e9 de vie n\u2019a d\u2019\u00e9gale que la qualit\u00e9 de vos voisins. C\u2019est un projet pour les gens chez qui la vie se vit sans compromis. Rosanova : un emplacement de choix Bienvenue au RosaNova. Ici, la ville se vit en pleine nature. Quittez les grands axes routiers et d\u00e9couvrez en quelques minutes le boulevard Mattawa. \u00c9loignez-vous des bruits urbains et faites place au chant des oiseaux du refuge faunique voisin. Id\u00e9alement situ\u00e9 \u00e0 Laval, ce projet r\u00e9sidentiel d\u2019exception s\u2019\u00e9l\u00e8ve en bordure du golf Le Ste-Rose, \u00e0 deux pas de la rivi\u00e8re des Mille-\u00celes. De chez vous, vous surplombez une nature majestueuse tout en savourant la proximit\u00e9 de tous les attraits urbains. Pour plus d&rsquo;information, communiquez avec\u00a0Peter Triassi\u00a0(514 329-5430, poste 226).<\/p>\n","protected":false},"author":1,"featured_media":0,"parent":0,"menu_order":0,"comment_status":"closed","ping_status":"closed","template":"","meta":{"footnotes":""},"class_list":["post-6833","page","type-page","status-publish","hentry"],"yoast_head":"<!-- This site is optimized with the Yoast SEO plugin v25.0 - https:\/\/yoast.com\/wordpress\/plugins\/seo\/ -->\n<title>Rosanova - vivre avec passion - Pava Corp. - Montr\u00e9al<\/title>\n<meta name=\"description\" content=\"Rosanova - vivre avec passion. Nous b\u00e2tissons des condos et penthouses sur mesure, aux dimensions humaines, chaleureuses et modernes.\" \/>\n<meta name=\"robots\" content=\"index, follow, max-snippet:-1, max-image-preview:large, max-video-preview:-1\" \/>\n<link rel=\"canonical\" href=\"https:\/\/pavacorp.ca\/fr\/rosanova\/\" \/>\n<meta property=\"og:locale\" content=\"fr_FR\" \/>\n<meta property=\"og:type\" content=\"article\" \/>\n<meta property=\"og:title\" content=\"Rosanova - vivre avec passion - Pava Corp. - Montr\u00e9al\" \/>\n<meta property=\"og:description\" content=\"Rosanova - vivre avec passion. Nous b\u00e2tissons des condos et penthouses sur mesure, aux dimensions humaines, chaleureuses et modernes.\" \/>\n<meta property=\"og:url\" content=\"https:\/\/pavacorp.ca\/fr\/rosanova\/\" \/>\n<meta property=\"og:site_name\" content=\"Pava Corp.\" \/>\n<meta property=\"article:modified_time\" content=\"2024-09-19T17:59:26+00:00\" \/>\n<meta property=\"og:image\" content=\"https:\/\/pavacorp.ca\/wp-content\/uploads\/2017\/04\/logo-avec-lueur-1024x242.png\" \/>\n<meta name=\"twitter:card\" content=\"summary_large_image\" \/>\n<meta name=\"twitter:label1\" content=\"Dur\u00e9e de lecture estim\u00e9e\" \/>\n\t<meta name=\"twitter:data1\" content=\"2 minutes\" \/>\n<script type=\"application\/ld+json\" class=\"yoast-schema-graph\">{\"@context\":\"https:\/\/schema.org\",\"@graph\":[{\"@type\":\"WebPage\",\"@id\":\"https:\/\/pavacorp.ca\/fr\/rosanova\/\",\"url\":\"https:\/\/pavacorp.ca\/fr\/rosanova\/\",\"name\":\"Rosanova - vivre avec passion - Pava Corp. - Montr\u00e9al\",\"isPartOf\":{\"@id\":\"https:\/\/pavacorp.ca\/#website\"},\"primaryImageOfPage\":{\"@id\":\"https:\/\/pavacorp.ca\/fr\/rosanova\/#primaryimage\"},\"image\":{\"@id\":\"https:\/\/pavacorp.ca\/fr\/rosanova\/#primaryimage\"},\"thumbnailUrl\":\"https:\/\/pavacorp.ca\/wp-content\/uploads\/2017\/04\/logo-avec-lueur-1024x242.png\",\"datePublished\":\"2024-09-19T15:32:11+00:00\",\"dateModified\":\"2024-09-19T17:59:26+00:00\",\"description\":\"Rosanova - vivre avec passion. Nous b\u00e2tissons des condos et penthouses sur mesure, aux dimensions humaines, chaleureuses et modernes.\",\"breadcrumb\":{\"@id\":\"https:\/\/pavacorp.ca\/fr\/rosanova\/#breadcrumb\"},\"inLanguage\":\"fr-FR\",\"potentialAction\":[{\"@type\":\"ReadAction\",\"target\":[\"https:\/\/pavacorp.ca\/fr\/rosanova\/\"]}]},{\"@type\":\"ImageObject\",\"inLanguage\":\"fr-FR\",\"@id\":\"https:\/\/pavacorp.ca\/fr\/rosanova\/#primaryimage\",\"url\":\"https:\/\/pavacorp.ca\/wp-content\/uploads\/2017\/04\/logo-avec-lueur-1024x242.png\",\"contentUrl\":\"https:\/\/pavacorp.ca\/wp-content\/uploads\/2017\/04\/logo-avec-lueur-1024x242.png\"},{\"@type\":\"BreadcrumbList\",\"@id\":\"https:\/\/pavacorp.ca\/fr\/rosanova\/#breadcrumb\",\"itemListElement\":[{\"@type\":\"ListItem\",\"position\":1,\"name\":\"Home\",\"item\":\"https:\/\/pavacorp.ca\/fr\/\"},{\"@type\":\"ListItem\",\"position\":2,\"name\":\"Rosanova\"}]},{\"@type\":\"WebSite\",\"@id\":\"https:\/\/pavacorp.ca\/#website\",\"url\":\"https:\/\/pavacorp.ca\/\",\"name\":\"Pava Corp.\",\"description\":\"The Montreal Real Estate Company!\",\"potentialAction\":[{\"@type\":\"SearchAction\",\"target\":{\"@type\":\"EntryPoint\",\"urlTemplate\":\"https:\/\/pavacorp.ca\/?s={search_term_string}\"},\"query-input\":{\"@type\":\"PropertyValueSpecification\",\"valueRequired\":true,\"valueName\":\"search_term_string\"}}],\"inLanguage\":\"fr-FR\"}]}<\/script>\n<!-- \/ Yoast SEO plugin. -->","yoast_head_json":{"title":"Rosanova - vivre avec passion - Pava Corp. - Montr\u00e9al","description":"Rosanova - vivre avec passion. Nous b\u00e2tissons des condos et penthouses sur mesure, aux dimensions humaines, chaleureuses et modernes.","robots":{"index":"index","follow":"follow","max-snippet":"max-snippet:-1","max-image-preview":"max-image-preview:large","max-video-preview":"max-video-preview:-1"},"canonical":"https:\/\/pavacorp.ca\/fr\/rosanova\/","og_locale":"fr_FR","og_type":"article","og_title":"Rosanova - vivre avec passion - Pava Corp. - Montr\u00e9al","og_description":"Rosanova - vivre avec passion. Nous b\u00e2tissons des condos et penthouses sur mesure, aux dimensions humaines, chaleureuses et modernes.","og_url":"https:\/\/pavacorp.ca\/fr\/rosanova\/","og_site_name":"Pava Corp.","article_modified_time":"2024-09-19T17:59:26+00:00","og_image":[{"url":"https:\/\/pavacorp.ca\/wp-content\/uploads\/2017\/04\/logo-avec-lueur-1024x242.png","type":"","width":"","height":""}],"twitter_card":"summary_large_image","twitter_misc":{"Dur\u00e9e de lecture estim\u00e9e":"2 minutes"},"schema":{"@context":"https:\/\/schema.org","@graph":[{"@type":"WebPage","@id":"https:\/\/pavacorp.ca\/fr\/rosanova\/","url":"https:\/\/pavacorp.ca\/fr\/rosanova\/","name":"Rosanova - vivre avec passion - Pava Corp. - Montr\u00e9al","isPartOf":{"@id":"https:\/\/pavacorp.ca\/#website"},"primaryImageOfPage":{"@id":"https:\/\/pavacorp.ca\/fr\/rosanova\/#primaryimage"},"image":{"@id":"https:\/\/pavacorp.ca\/fr\/rosanova\/#primaryimage"},"thumbnailUrl":"https:\/\/pavacorp.ca\/wp-content\/uploads\/2017\/04\/logo-avec-lueur-1024x242.png","datePublished":"2024-09-19T15:32:11+00:00","dateModified":"2024-09-19T17:59:26+00:00","description":"Rosanova - vivre avec passion. Nous b\u00e2tissons des condos et penthouses sur mesure, aux dimensions humaines, chaleureuses et modernes.","breadcrumb":{"@id":"https:\/\/pavacorp.ca\/fr\/rosanova\/#breadcrumb"},"inLanguage":"fr-FR","potentialAction":[{"@type":"ReadAction","target":["https:\/\/pavacorp.ca\/fr\/rosanova\/"]}]},{"@type":"ImageObject","inLanguage":"fr-FR","@id":"https:\/\/pavacorp.ca\/fr\/rosanova\/#primaryimage","url":"https:\/\/pavacorp.ca\/wp-content\/uploads\/2017\/04\/logo-avec-lueur-1024x242.png","contentUrl":"https:\/\/pavacorp.ca\/wp-content\/uploads\/2017\/04\/logo-avec-lueur-1024x242.png"},{"@type":"BreadcrumbList","@id":"https:\/\/pavacorp.ca\/fr\/rosanova\/#breadcrumb","itemListElement":[{"@type":"ListItem","position":1,"name":"Home","item":"https:\/\/pavacorp.ca\/fr\/"},{"@type":"ListItem","position":2,"name":"Rosanova"}]},{"@type":"WebSite","@id":"https:\/\/pavacorp.ca\/#website","url":"https:\/\/pavacorp.ca\/","name":"Pava Corp.","description":"The Montreal Real Estate Company!","potentialAction":[{"@type":"SearchAction","target":{"@type":"EntryPoint","urlTemplate":"https:\/\/pavacorp.ca\/?s={search_term_string}"},"query-input":{"@type":"PropertyValueSpecification","valueRequired":true,"valueName":"search_term_string"}}],"inLanguage":"fr-FR"}]}},"_links":{"self":[{"href":"https:\/\/pavacorp.ca\/fr\/wp-json\/wp\/v2\/pages\/6833","targetHints":{"allow":["GET"]}}],"collection":[{"href":"https:\/\/pavacorp.ca\/fr\/wp-json\/wp\/v2\/pages"}],"about":[{"href":"https:\/\/pavacorp.ca\/fr\/wp-json\/wp\/v2\/types\/page"}],"author":[{"embeddable":true,"href":"https:\/\/pavacorp.ca\/fr\/wp-json\/wp\/v2\/users\/1"}],"replies":[{"embeddable":true,"href":"https:\/\/pavacorp.ca\/fr\/wp-json\/wp\/v2\/comments?post=6833"}],"version-history":[{"count":7,"href":"https:\/\/pavacorp.ca\/fr\/wp-json\/wp\/v2\/pages\/6833\/revisions"}],"predecessor-version":[{"id":6841,"href":"https:\/\/pavacorp.ca\/fr\/wp-json\/wp\/v2\/pages\/6833\/revisions\/6841"}],"wp:attachment":[{"href":"https:\/\/pavacorp.ca\/fr\/wp-json\/wp\/v2\/media?parent=6833"}],"curies":[{"name":"wp","href":"https:\/\/api.w.org\/{rel}","templated":true}]}}