{"id":6843,"date":"2017-06-02T08:03:46","date_gmt":"2017-06-02T12:03:46","guid":{"rendered":"https:\/\/pavacorp.ca\/carling-lake-resort\/"},"modified":"2024-09-19T23:05:26","modified_gmt":"2024-09-20T03:05:26","slug":"hotel-et-golf-lac-carling","status":"publish","type":"page","link":"https:\/\/pavacorp.ca\/fr\/hotel-et-golf-lac-carling\/","title":{"rendered":"H\u00f4tel et golf Lac Carling"},"content":{"rendered":"\t\t<div data-elementor-type=\"wp-page\" data-elementor-id=\"6843\" class=\"elementor elementor-6843 elementor-5937\">\n\t\t\t\t\t\t<section class=\"elementor-section elementor-top-section elementor-element elementor-element-13016fd0 elementor-section-boxed elementor-section-height-default elementor-section-height-default\" data-id=\"13016fd0\" data-element_type=\"section\">\n\t\t\t\t\t\t<div class=\"elementor-container elementor-column-gap-default\">\n\t\t\t\t\t<div class=\"elementor-column elementor-col-100 elementor-top-column elementor-element elementor-element-5bbbf55a\" data-id=\"5bbbf55a\" data-element_type=\"column\">\n\t\t\t<div class=\"elementor-widget-wrap elementor-element-populated\">\n\t\t\t\t\t\t<div class=\"elementor-element elementor-element-27f3e64 elementor-widget elementor-widget-heading\" data-id=\"27f3e64\" data-element_type=\"widget\" data-widget_type=\"heading.default\">\n\t\t\t\t<div class=\"elementor-widget-container\">\n\t\t\t\t\t<h2 class=\"elementor-heading-title elementor-size-default\">H\u00d4TEL ET GOLF LAC CARLING<\/h2>\t\t\t\t<\/div>\n\t\t\t\t<\/div>\n\t\t\t\t<div class=\"elementor-element elementor-element-1d4f19e elementor-widget elementor-widget-text-editor\" data-id=\"1d4f19e\" data-element_type=\"widget\" data-widget_type=\"text-editor.default\">\n\t\t\t\t<div class=\"elementor-widget-container\">\n\t\t\t\t\t\t\t\t\t<p>Vous cherchez un endroit original et rafra\u00eechissant pour vos r\u00e9unions d\u2019affaires? Vous avez besoin de passer du temps en couple ou en famille? Vous tentez d\u2019organiser un weekend entre amis? L\u2019H\u00f4tel et golf Lac Carling est l\u2019endroit tout d\u00e9sign\u00e9 pour r\u00e9pondre \u00e0 tous vos besoins, quelle qu\u2019en soit leur nature.<\/p>\t\t\t\t\t\t\t\t<\/div>\n\t\t\t\t<\/div>\n\t\t\t\t<div class=\"elementor-element elementor-element-739fa8e elementor-widget elementor-widget-image\" data-id=\"739fa8e\" data-element_type=\"widget\" data-widget_type=\"image.default\">\n\t\t\t\t<div class=\"elementor-widget-container\">\n\t\t\t\t\t\t\t\t\t\t\t\t\t\t\t<img fetchpriority=\"high\" decoding=\"async\" width=\"500\" height=\"370\" src=\"https:\/\/pavacorp.ca\/wp-content\/uploads\/2017\/06\/logo-big-200_lac-carling.png\" class=\"attachment-large size-large wp-image-6257\" alt=\"\" srcset=\"https:\/\/pavacorp.ca\/wp-content\/uploads\/2017\/06\/logo-big-200_lac-carling.png 500w, https:\/\/pavacorp.ca\/wp-content\/uploads\/2017\/06\/logo-big-200_lac-carling-300x222.png 300w\" sizes=\"(max-width: 500px) 100vw, 500px\" \/>\t\t\t\t\t\t\t\t\t\t\t\t\t\t\t<\/div>\n\t\t\t\t<\/div>\n\t\t\t\t<div class=\"elementor-element elementor-element-3396e33 elementor-widget elementor-widget-text-editor\" data-id=\"3396e33\" data-element_type=\"widget\" data-widget_type=\"text-editor.default\">\n\t\t\t\t<div class=\"elementor-widget-container\">\n\t\t\t\t\t\t\t\t\t<p>Profitez de l\u2019occasion non seulement pour red\u00e9couvrir les Laurentides, mais \u00e9galement les \u00ab nouvelles \u00bb installations. En effet, l\u2019administration actuelle de l\u2019H\u00f4tel et golf Lac Carling est fin pr\u00eate \u00e0 vous accueillir dans ses aires communes fra\u00eechement r\u00e9nov\u00e9es, vous offrant \u00e9galement des chambres refaites au go\u00fbt du jour, mais toujours aussi confortables. Le personnel des plus attentionn\u00e9 saura faire de votre s\u00e9jour une exp\u00e9rience inoubliable.<\/p>\t\t\t\t\t\t\t\t<\/div>\n\t\t\t\t<\/div>\n\t\t\t\t<div class=\"elementor-element elementor-element-1148ce3 elementor-widget elementor-widget-image\" data-id=\"1148ce3\" data-element_type=\"widget\" data-widget_type=\"image.default\">\n\t\t\t\t<div class=\"elementor-widget-container\">\n\t\t\t\t\t\t\t\t\t\t\t\t\t\t\t<img decoding=\"async\" width=\"1024\" height=\"253\" src=\"https:\/\/pavacorp.ca\/wp-content\/uploads\/2024\/05\/1996ec_9f4f97af98684445afc1781442cc58edmv2.jpeg-1024x253.png\" class=\"attachment-large size-large wp-image-6498\" alt=\"\" srcset=\"https:\/\/pavacorp.ca\/wp-content\/uploads\/2024\/05\/1996ec_9f4f97af98684445afc1781442cc58edmv2.jpeg-1024x253.png 1024w, https:\/\/pavacorp.ca\/wp-content\/uploads\/2024\/05\/1996ec_9f4f97af98684445afc1781442cc58edmv2.jpeg-300x74.png 300w, https:\/\/pavacorp.ca\/wp-content\/uploads\/2024\/05\/1996ec_9f4f97af98684445afc1781442cc58edmv2.jpeg-768x190.png 768w, https:\/\/pavacorp.ca\/wp-content\/uploads\/2024\/05\/1996ec_9f4f97af98684445afc1781442cc58edmv2.jpeg-1536x379.png 1536w, https:\/\/pavacorp.ca\/wp-content\/uploads\/2024\/05\/1996ec_9f4f97af98684445afc1781442cc58edmv2.jpeg.png 1903w\" sizes=\"(max-width: 1024px) 100vw, 1024px\" \/>\t\t\t\t\t\t\t\t\t\t\t\t\t\t\t<\/div>\n\t\t\t\t<\/div>\n\t\t\t\t<div class=\"elementor-element elementor-element-450d5ba elementor-widget elementor-widget-text-editor\" data-id=\"450d5ba\" data-element_type=\"widget\" data-widget_type=\"text-editor.default\">\n\t\t\t\t<div class=\"elementor-widget-container\">\n\t\t\t\t\t\t\t\t\t<p>Envie de bouger ? Quoi de mieux qu\u2019une escapade au c\u0153ur des Laurentides, l\u00e0 o\u00f9 la nature est reine ? Vous y trouverez, de plus, toutes les activit\u00e9s dont vous pouvez r\u00eaver, que vous ayez envie de faire du sport, de vous enrichir intellectuellement ou de vous divertir en acte ou en chanson.<\/p>\t\t\t\t\t\t\t\t<\/div>\n\t\t\t\t<\/div>\n\t\t\t\t<div class=\"elementor-element elementor-element-8bd238f elementor-widget elementor-widget-video\" data-id=\"8bd238f\" data-element_type=\"widget\" data-settings=\"{&quot;youtube_url&quot;:&quot;https:\\\/\\\/www.youtube.com\\\/watch?v=ne3n40-Wffs&quot;,&quot;video_type&quot;:&quot;youtube&quot;,&quot;controls&quot;:&quot;yes&quot;}\" data-widget_type=\"video.default\">\n\t\t\t\t<div class=\"elementor-widget-container\">\n\t\t\t\t\t\t\t<div class=\"elementor-wrapper elementor-open-inline\">\n\t\t\t<div class=\"elementor-video\"><\/div>\t\t<\/div>\n\t\t\t\t\t\t<\/div>\n\t\t\t\t<\/div>\n\t\t\t\t<div class=\"elementor-element elementor-element-9a17dc5 elementor-widget elementor-widget-heading\" data-id=\"9a17dc5\" data-element_type=\"widget\" data-widget_type=\"heading.default\">\n\t\t\t\t<div class=\"elementor-widget-container\">\n\t\t\t\t\t<h2 class=\"elementor-heading-title elementor-size-default\">H\u00f4tel et golf Lac Carling : tout ce dont vous avez besoin<\/h2>\t\t\t\t<\/div>\n\t\t\t\t<\/div>\n\t\t\t\t<section class=\"elementor-section elementor-inner-section elementor-element elementor-element-79dddae elementor-section-boxed elementor-section-height-default elementor-section-height-default\" data-id=\"79dddae\" data-element_type=\"section\">\n\t\t\t\t\t\t<div class=\"elementor-container elementor-column-gap-default\">\n\t\t\t\t\t<div class=\"elementor-column elementor-col-50 elementor-inner-column elementor-element elementor-element-dd50f88\" data-id=\"dd50f88\" data-element_type=\"column\">\n\t\t\t<div class=\"elementor-widget-wrap elementor-element-populated\">\n\t\t\t\t\t\t<div class=\"elementor-element elementor-element-2070c30 elementor-widget elementor-widget-text-editor\" data-id=\"2070c30\" data-element_type=\"widget\" data-widget_type=\"text-editor.default\">\n\t\t\t\t<div class=\"elementor-widget-container\">\n\t\t\t\t\t\t\t\t\t<p>Vous avez juste besoin de vous retrouver, sans trop faire d\u2019efforts ? L\u2019H\u00f4tel et golf Lac Carling vous offre tout ce dont vous avez besoin et davantage.<\/p><p>Peu importe votre intention, l\u2019un des <a href=\"https:\/\/www.hotellaccarling.com\/fr\/copy-of-hotel-experience-packages\" target=\"_blank\" rel=\"noopener\">forfaits<\/a> propos\u00e9s saura assur\u00e9ment vous plaire. Non seulement le prix est-il avantageux, mais vous n\u2019aurez plus \u00e0 vous casser la t\u00eate pour combler le temps au gr\u00e9 de vos envies. Nous le ferons pour vous !<\/p><p>Vous avez une bonne fourchette ? L\u2019H\u00f4tel et golf Lac Carling est \u00e9galement reconnu pour sa <a href=\"https:\/\/www.hotellaccarling.com\/fr\/copy-of-fine-dining-bars\" target=\"_blank\" rel=\"noopener\">fine cuisine<\/a> et ses bars divertissants.<\/p><p>Le <a href=\"https:\/\/www.hotellaccarling.com\/fr\/activities\/spa-wellness\" target=\"_blank\" rel=\"noopener\">centre de sant\u00e9<\/a>, quant \u00e0 lui, comprend tous les soins que vous pouvez imagin\u00e9s, administr\u00e9s par une \u00e9quipe de professionnels qualifi\u00e9s qui vous traiteront aux petits oignons.<\/p><p>Votre \u00e9lan vous appelle ? Profitez du <a href=\"https:\/\/www.golflaccarling.net\/\" target=\"_blank\" rel=\"noopener\">club de golf<\/a> de 18 trous qui vous permettra non seulement de pratiquer votre sport favori, mais \u00e9galement de vous d\u00e9lecter les yeux et les sens tout au long du parcours. Plusieurs autres <a href=\"https:\/\/www.hotellaccarling.com\/fr\/activities\" target=\"_blank\" rel=\"noopener\">activit\u00e9s<\/a> sont \u00e0 votre disposition, et ce, \u00e0 m\u00eame le complexe h\u00f4telier.<\/p><p>H\u00f4tel et golf Lac Carling poss\u00e8de \u00e9galement l\u2019espace n\u00e9cessaire pour tenir les plus beaux <a href=\"https:\/\/www.hotellaccarling.com\/fr\/meetings-and-events\/weddings\" target=\"_blank\" rel=\"noopener\">mariages et banquets<\/a>, tout comme pour tenir vos diff\u00e9rents <a href=\"https:\/\/www.hotellaccarling.com\/fr\/meetings-and-events\/corporate\" target=\"_blank\" rel=\"noopener\">\u00e9v\u00e9nements d\u2019entreprise<\/a>.<\/p><p>Ainsi, pour un lieu de qui\u00e9tude et de confort, optez pour L\u2019H\u00f4tel et golf Lac Carling. \u00c0 moins d\u2019une heure de Montr\u00e9al et d\u2019Ottawa, le charme de la r\u00e9gion et la fine cuisine du terroir sauront vous s\u00e9duire \u00e0 nouveau.<\/p>\t\t\t\t\t\t\t\t<\/div>\n\t\t\t\t<\/div>\n\t\t\t\t\t<\/div>\n\t\t<\/div>\n\t\t\t\t<div class=\"elementor-column elementor-col-50 elementor-inner-column elementor-element elementor-element-178c208\" data-id=\"178c208\" data-element_type=\"column\">\n\t\t\t<div class=\"elementor-widget-wrap elementor-element-populated\">\n\t\t\t\t\t\t<div class=\"elementor-element elementor-element-0f27a14 elementor-widget elementor-widget-image\" data-id=\"0f27a14\" data-element_type=\"widget\" data-widget_type=\"image.default\">\n\t\t\t\t<div class=\"elementor-widget-container\">\n\t\t\t\t\t\t\t\t\t\t\t\t\t\t\t<img decoding=\"async\" width=\"703\" height=\"617\" src=\"https:\/\/pavacorp.ca\/wp-content\/uploads\/2024\/05\/1996ec_bc2c20d1cb5e436e99b882235de3f1admv2.jpeg.png\" class=\"attachment-large size-large wp-image-6515\" alt=\"\" srcset=\"https:\/\/pavacorp.ca\/wp-content\/uploads\/2024\/05\/1996ec_bc2c20d1cb5e436e99b882235de3f1admv2.jpeg.png 703w, https:\/\/pavacorp.ca\/wp-content\/uploads\/2024\/05\/1996ec_bc2c20d1cb5e436e99b882235de3f1admv2.jpeg-300x263.png 300w\" sizes=\"(max-width: 703px) 100vw, 703px\" \/>\t\t\t\t\t\t\t\t\t\t\t\t\t\t\t<\/div>\n\t\t\t\t<\/div>\n\t\t\t\t\t<\/div>\n\t\t<\/div>\n\t\t\t\t\t<\/div>\n\t\t<\/section>\n\t\t\t\t\t<\/div>\n\t\t<\/div>\n\t\t\t\t\t<\/div>\n\t\t<\/section>\n\t\t\t\t<\/div>\n\t\t","protected":false},"excerpt":{"rendered":"<p>H\u00d4TEL ET GOLF LAC CARLING Vous cherchez un endroit original et rafra\u00eechissant pour vos r\u00e9unions d\u2019affaires? Vous avez besoin de passer du temps en couple ou en famille? Vous tentez d\u2019organiser un weekend entre amis? L\u2019H\u00f4tel et golf Lac Carling est l\u2019endroit tout d\u00e9sign\u00e9 pour r\u00e9pondre \u00e0 tous vos besoins, quelle qu\u2019en soit leur nature. Profitez de l\u2019occasion non seulement pour red\u00e9couvrir les Laurentides, mais \u00e9galement les \u00ab nouvelles \u00bb installations. En effet, l\u2019administration actuelle de l\u2019H\u00f4tel et golf Lac Carling est fin pr\u00eate \u00e0 vous accueillir dans ses aires communes fra\u00eechement r\u00e9nov\u00e9es, vous offrant \u00e9galement des chambres refaites au go\u00fbt du jour, mais toujours aussi confortables. Le personnel des plus attentionn\u00e9 saura faire de votre s\u00e9jour une exp\u00e9rience inoubliable. Envie de bouger ? Quoi de mieux qu\u2019une escapade au c\u0153ur des Laurentides, l\u00e0 o\u00f9 la nature est reine ? Vous y trouverez, de plus, toutes les activit\u00e9s dont vous pouvez r\u00eaver, que vous ayez envie de faire du sport, de vous enrichir intellectuellement ou de vous divertir en acte ou en chanson. https:\/\/www.youtube.com\/watch?v=ne3n40-Wffs H\u00f4tel et golf Lac Carling : tout ce dont vous avez besoin Vous avez juste besoin de vous retrouver, sans trop faire d\u2019efforts ? L\u2019H\u00f4tel et golf Lac Carling vous offre tout ce dont vous avez besoin et davantage. Peu importe votre intention, l\u2019un des forfaits propos\u00e9s saura assur\u00e9ment vous plaire. Non seulement le prix est-il avantageux, mais vous n\u2019aurez plus \u00e0 vous casser la t\u00eate pour combler le temps au gr\u00e9 de vos envies. Nous le ferons pour vous ! Vous avez une bonne fourchette ? L\u2019H\u00f4tel et golf Lac Carling est \u00e9galement reconnu pour sa fine cuisine et ses bars divertissants. Le centre de sant\u00e9, quant \u00e0 lui, comprend tous les soins que vous pouvez imagin\u00e9s, administr\u00e9s par une \u00e9quipe de professionnels qualifi\u00e9s qui vous traiteront aux petits oignons. Votre \u00e9lan vous appelle ? Profitez du club de golf de 18 trous qui vous permettra non seulement de pratiquer votre sport favori, mais \u00e9galement de vous d\u00e9lecter les yeux et les sens tout au long du parcours. Plusieurs autres activit\u00e9s sont \u00e0 votre disposition, et ce, \u00e0 m\u00eame le complexe h\u00f4telier. H\u00f4tel et golf Lac Carling poss\u00e8de \u00e9galement l\u2019espace n\u00e9cessaire pour tenir les plus beaux mariages et banquets, tout comme pour tenir vos diff\u00e9rents \u00e9v\u00e9nements d\u2019entreprise. Ainsi, pour un lieu de qui\u00e9tude et de confort, optez pour L\u2019H\u00f4tel et golf Lac Carling. \u00c0 moins d\u2019une heure de Montr\u00e9al et d\u2019Ottawa, le charme de la r\u00e9gion et la fine cuisine du terroir sauront vous s\u00e9duire \u00e0 nouveau.<\/p>\n","protected":false},"author":1,"featured_media":0,"parent":0,"menu_order":0,"comment_status":"closed","ping_status":"closed","template":"","meta":{"footnotes":""},"class_list":["post-6843","page","type-page","status-publish","hentry"],"yoast_head":"<!-- This site is optimized with the Yoast SEO plugin v25.0 - https:\/\/yoast.com\/wordpress\/plugins\/seo\/ -->\n<title>H\u00f4tel et golf Lac Carling - spa, fine cuisine, etc. Pava Corp inc.<\/title>\n<meta name=\"description\" content=\"H\u00f4tel et golf Lac Carling. Vous cherchez un endroit original et rafra\u00eechissant pour vos r\u00e9unions d\u2019affaires. Vous avez besoin de passer du temps en...\" \/>\n<meta name=\"robots\" content=\"index, follow, max-snippet:-1, max-image-preview:large, max-video-preview:-1\" \/>\n<link rel=\"canonical\" href=\"https:\/\/pavacorp.ca\/fr\/hotel-et-golf-lac-carling\/\" \/>\n<meta property=\"og:locale\" content=\"fr_FR\" \/>\n<meta property=\"og:type\" content=\"article\" \/>\n<meta property=\"og:title\" content=\"H\u00f4tel et golf Lac Carling - spa, fine cuisine, etc. Pava Corp inc.\" \/>\n<meta property=\"og:description\" content=\"H\u00f4tel et golf Lac Carling. Vous cherchez un endroit original et rafra\u00eechissant pour vos r\u00e9unions d\u2019affaires. Vous avez besoin de passer du temps en...\" \/>\n<meta property=\"og:url\" content=\"https:\/\/pavacorp.ca\/fr\/hotel-et-golf-lac-carling\/\" \/>\n<meta property=\"og:site_name\" content=\"Pava Corp.\" \/>\n<meta property=\"article:modified_time\" content=\"2024-09-20T03:05:26+00:00\" \/>\n<meta property=\"og:image\" content=\"https:\/\/pavacorp.ca\/wp-content\/uploads\/2017\/06\/logo-big-200_lac-carling.png\" \/>\n<meta name=\"twitter:card\" content=\"summary_large_image\" \/>\n<meta name=\"twitter:label1\" content=\"Dur\u00e9e de lecture estim\u00e9e\" \/>\n\t<meta name=\"twitter:data1\" content=\"3 minutes\" \/>\n<script type=\"application\/ld+json\" class=\"yoast-schema-graph\">{\"@context\":\"https:\/\/schema.org\",\"@graph\":[{\"@type\":\"WebPage\",\"@id\":\"https:\/\/pavacorp.ca\/fr\/hotel-et-golf-lac-carling\/\",\"url\":\"https:\/\/pavacorp.ca\/fr\/hotel-et-golf-lac-carling\/\",\"name\":\"H\u00f4tel et golf Lac Carling - spa, fine cuisine, etc. Pava Corp inc.\",\"isPartOf\":{\"@id\":\"https:\/\/pavacorp.ca\/#website\"},\"primaryImageOfPage\":{\"@id\":\"https:\/\/pavacorp.ca\/fr\/hotel-et-golf-lac-carling\/#primaryimage\"},\"image\":{\"@id\":\"https:\/\/pavacorp.ca\/fr\/hotel-et-golf-lac-carling\/#primaryimage\"},\"thumbnailUrl\":\"https:\/\/pavacorp.ca\/wp-content\/uploads\/2017\/06\/logo-big-200_lac-carling.png\",\"datePublished\":\"2017-06-02T12:03:46+00:00\",\"dateModified\":\"2024-09-20T03:05:26+00:00\",\"description\":\"H\u00f4tel et golf Lac Carling. Vous cherchez un endroit original et rafra\u00eechissant pour vos r\u00e9unions d\u2019affaires. Vous avez besoin de passer du temps en...\",\"breadcrumb\":{\"@id\":\"https:\/\/pavacorp.ca\/fr\/hotel-et-golf-lac-carling\/#breadcrumb\"},\"inLanguage\":\"fr-FR\",\"potentialAction\":[{\"@type\":\"ReadAction\",\"target\":[\"https:\/\/pavacorp.ca\/fr\/hotel-et-golf-lac-carling\/\"]}]},{\"@type\":\"ImageObject\",\"inLanguage\":\"fr-FR\",\"@id\":\"https:\/\/pavacorp.ca\/fr\/hotel-et-golf-lac-carling\/#primaryimage\",\"url\":\"https:\/\/pavacorp.ca\/wp-content\/uploads\/2017\/06\/logo-big-200_lac-carling.png\",\"contentUrl\":\"https:\/\/pavacorp.ca\/wp-content\/uploads\/2017\/06\/logo-big-200_lac-carling.png\"},{\"@type\":\"BreadcrumbList\",\"@id\":\"https:\/\/pavacorp.ca\/fr\/hotel-et-golf-lac-carling\/#breadcrumb\",\"itemListElement\":[{\"@type\":\"ListItem\",\"position\":1,\"name\":\"Home\",\"item\":\"https:\/\/pavacorp.ca\/fr\/\"},{\"@type\":\"ListItem\",\"position\":2,\"name\":\"H\u00f4tel et golf Lac Carling\"}]},{\"@type\":\"WebSite\",\"@id\":\"https:\/\/pavacorp.ca\/#website\",\"url\":\"https:\/\/pavacorp.ca\/\",\"name\":\"Pava Corp.\",\"description\":\"The Montreal Real Estate Company!\",\"potentialAction\":[{\"@type\":\"SearchAction\",\"target\":{\"@type\":\"EntryPoint\",\"urlTemplate\":\"https:\/\/pavacorp.ca\/?s={search_term_string}\"},\"query-input\":{\"@type\":\"PropertyValueSpecification\",\"valueRequired\":true,\"valueName\":\"search_term_string\"}}],\"inLanguage\":\"fr-FR\"}]}<\/script>\n<!-- \/ Yoast SEO plugin. -->","yoast_head_json":{"title":"H\u00f4tel et golf Lac Carling - spa, fine cuisine, etc. Pava Corp inc.","description":"H\u00f4tel et golf Lac Carling. Vous cherchez un endroit original et rafra\u00eechissant pour vos r\u00e9unions d\u2019affaires. Vous avez besoin de passer du temps en...","robots":{"index":"index","follow":"follow","max-snippet":"max-snippet:-1","max-image-preview":"max-image-preview:large","max-video-preview":"max-video-preview:-1"},"canonical":"https:\/\/pavacorp.ca\/fr\/hotel-et-golf-lac-carling\/","og_locale":"fr_FR","og_type":"article","og_title":"H\u00f4tel et golf Lac Carling - spa, fine cuisine, etc. Pava Corp inc.","og_description":"H\u00f4tel et golf Lac Carling. Vous cherchez un endroit original et rafra\u00eechissant pour vos r\u00e9unions d\u2019affaires. Vous avez besoin de passer du temps en...","og_url":"https:\/\/pavacorp.ca\/fr\/hotel-et-golf-lac-carling\/","og_site_name":"Pava Corp.","article_modified_time":"2024-09-20T03:05:26+00:00","og_image":[{"url":"https:\/\/pavacorp.ca\/wp-content\/uploads\/2017\/06\/logo-big-200_lac-carling.png","type":"","width":"","height":""}],"twitter_card":"summary_large_image","twitter_misc":{"Dur\u00e9e de lecture estim\u00e9e":"3 minutes"},"schema":{"@context":"https:\/\/schema.org","@graph":[{"@type":"WebPage","@id":"https:\/\/pavacorp.ca\/fr\/hotel-et-golf-lac-carling\/","url":"https:\/\/pavacorp.ca\/fr\/hotel-et-golf-lac-carling\/","name":"H\u00f4tel et golf Lac Carling - spa, fine cuisine, etc. Pava Corp inc.","isPartOf":{"@id":"https:\/\/pavacorp.ca\/#website"},"primaryImageOfPage":{"@id":"https:\/\/pavacorp.ca\/fr\/hotel-et-golf-lac-carling\/#primaryimage"},"image":{"@id":"https:\/\/pavacorp.ca\/fr\/hotel-et-golf-lac-carling\/#primaryimage"},"thumbnailUrl":"https:\/\/pavacorp.ca\/wp-content\/uploads\/2017\/06\/logo-big-200_lac-carling.png","datePublished":"2017-06-02T12:03:46+00:00","dateModified":"2024-09-20T03:05:26+00:00","description":"H\u00f4tel et golf Lac Carling. Vous cherchez un endroit original et rafra\u00eechissant pour vos r\u00e9unions d\u2019affaires. Vous avez besoin de passer du temps en...","breadcrumb":{"@id":"https:\/\/pavacorp.ca\/fr\/hotel-et-golf-lac-carling\/#breadcrumb"},"inLanguage":"fr-FR","potentialAction":[{"@type":"ReadAction","target":["https:\/\/pavacorp.ca\/fr\/hotel-et-golf-lac-carling\/"]}]},{"@type":"ImageObject","inLanguage":"fr-FR","@id":"https:\/\/pavacorp.ca\/fr\/hotel-et-golf-lac-carling\/#primaryimage","url":"https:\/\/pavacorp.ca\/wp-content\/uploads\/2017\/06\/logo-big-200_lac-carling.png","contentUrl":"https:\/\/pavacorp.ca\/wp-content\/uploads\/2017\/06\/logo-big-200_lac-carling.png"},{"@type":"BreadcrumbList","@id":"https:\/\/pavacorp.ca\/fr\/hotel-et-golf-lac-carling\/#breadcrumb","itemListElement":[{"@type":"ListItem","position":1,"name":"Home","item":"https:\/\/pavacorp.ca\/fr\/"},{"@type":"ListItem","position":2,"name":"H\u00f4tel et golf Lac Carling"}]},{"@type":"WebSite","@id":"https:\/\/pavacorp.ca\/#website","url":"https:\/\/pavacorp.ca\/","name":"Pava Corp.","description":"The Montreal Real Estate Company!","potentialAction":[{"@type":"SearchAction","target":{"@type":"EntryPoint","urlTemplate":"https:\/\/pavacorp.ca\/?s={search_term_string}"},"query-input":{"@type":"PropertyValueSpecification","valueRequired":true,"valueName":"search_term_string"}}],"inLanguage":"fr-FR"}]}},"_links":{"self":[{"href":"https:\/\/pavacorp.ca\/fr\/wp-json\/wp\/v2\/pages\/6843","targetHints":{"allow":["GET"]}}],"collection":[{"href":"https:\/\/pavacorp.ca\/fr\/wp-json\/wp\/v2\/pages"}],"about":[{"href":"https:\/\/pavacorp.ca\/fr\/wp-json\/wp\/v2\/types\/page"}],"author":[{"embeddable":true,"href":"https:\/\/pavacorp.ca\/fr\/wp-json\/wp\/v2\/users\/1"}],"replies":[{"embeddable":true,"href":"https:\/\/pavacorp.ca\/fr\/wp-json\/wp\/v2\/comments?post=6843"}],"version-history":[{"count":25,"href":"https:\/\/pavacorp.ca\/fr\/wp-json\/wp\/v2\/pages\/6843\/revisions"}],"predecessor-version":[{"id":6871,"href":"https:\/\/pavacorp.ca\/fr\/wp-json\/wp\/v2\/pages\/6843\/revisions\/6871"}],"wp:attachment":[{"href":"https:\/\/pavacorp.ca\/fr\/wp-json\/wp\/v2\/media?parent=6843"}],"curies":[{"name":"wp","href":"https:\/\/api.w.org\/{rel}","templated":true}]}}