{"id":6896,"date":"2024-09-20T00:05:16","date_gmt":"2024-09-20T04:05:16","guid":{"rendered":"https:\/\/pavacorp.ca\/?page_id=6896"},"modified":"2024-09-20T10:27:33","modified_gmt":"2024-09-20T14:27:33","slug":"nouveau-developpement","status":"publish","type":"page","link":"https:\/\/pavacorp.ca\/fr\/nouveau-developpement\/","title":{"rendered":"Nouveau d\u00e9veloppement"},"content":{"rendered":"\t\t<div data-elementor-type=\"wp-page\" data-elementor-id=\"6896\" class=\"elementor elementor-6896\">\n\t\t\t\t\t\t<section class=\"elementor-section elementor-top-section elementor-element elementor-element-e64fe7c elementor-section-boxed elementor-section-height-default elementor-section-height-default\" data-id=\"e64fe7c\" data-element_type=\"section\">\n\t\t\t\t\t\t<div class=\"elementor-container elementor-column-gap-default\">\n\t\t\t\t\t<div class=\"elementor-column elementor-col-100 elementor-top-column elementor-element elementor-element-f308f9c\" data-id=\"f308f9c\" data-element_type=\"column\">\n\t\t\t<div class=\"elementor-widget-wrap elementor-element-populated\">\n\t\t\t\t\t\t<div class=\"elementor-element elementor-element-bb96de3 elementor-widget elementor-widget-heading\" data-id=\"bb96de3\" data-element_type=\"widget\" data-widget_type=\"heading.default\">\n\t\t\t\t<div class=\"elementor-widget-container\">\n\t\t\t\t\t<h2 class=\"elementor-heading-title elementor-size-default\">NOUVEAU D\u00c9VELOPPEMENT<\/h2>\t\t\t\t<\/div>\n\t\t\t\t<\/div>\n\t\t\t\t<div class=\"elementor-element elementor-element-d483b63 elementor-widget elementor-widget-text-editor\" data-id=\"d483b63\" data-element_type=\"widget\" data-widget_type=\"text-editor.default\">\n\t\t\t\t<div class=\"elementor-widget-container\">\n\t\t\t\t\t\t\t\t\t<p>Choisir un emplacement commercial est beaucoup plus que de s\u00e9lectionner un simple endroit de travail. En effet, vous devez penser strat\u00e9gie. Pensez visibilit\u00e9, commodit\u00e9s, localisation, acc\u00e8s et bien plus! Car non seulement cet endroit, y passerez-vous le plus clair de votre temps, mais vous voudrez \u00e9galement en retirer tous les profits possibles pour votre entreprise.<\/p><p>Pour ces raisons, il est toujours attrayant de s\u2019installer dans un nouveau d\u00e9veloppement. En effet, les possibilit\u00e9s sont infinies et vous pourrez fa\u00e7onner votre espace \u00e0 votre fa\u00e7on. De plus, il est possible que vous ayez votre mot \u00e0 dire en ce qui a trait aux vacations vous entourant. Quel privil\u00e8ge! C\u2019est ce qu\u2019on obtient en s\u2019installant dans un tout nouveau d\u00e9veloppement!<\/p><p>Pava Corp. vous offre des espaces dans un nouveau d\u00e9veloppement pr\u00e9sentant tout ce dont vous aurez besoin pour faire cro\u00eetre votre entreprise, que vous ayez besoin d\u2019avoir pignon sur rue ou simplement un espace de bureau bien localis\u00e9.<\/p>\t\t\t\t\t\t\t\t<\/div>\n\t\t\t\t<\/div>\n\t\t\t\t<div class=\"elementor-element elementor-element-c7c6cc0 elementor-widget elementor-widget-image\" data-id=\"c7c6cc0\" data-element_type=\"widget\" data-widget_type=\"image.default\">\n\t\t\t\t<div class=\"elementor-widget-container\">\n\t\t\t\t\t\t\t\t\t\t\t\t\t\t\t<img fetchpriority=\"high\" decoding=\"async\" width=\"1024\" height=\"498\" src=\"https:\/\/pavacorp.ca\/wp-content\/uploads\/2015\/09\/New-development-20-Cremazie-E-1024x498.jpg\" class=\"attachment-large size-large wp-image-6206\" alt=\"\" srcset=\"https:\/\/pavacorp.ca\/wp-content\/uploads\/2015\/09\/New-development-20-Cremazie-E-1024x498.jpg 1024w, https:\/\/pavacorp.ca\/wp-content\/uploads\/2015\/09\/New-development-20-Cremazie-E-300x146.jpg 300w, https:\/\/pavacorp.ca\/wp-content\/uploads\/2015\/09\/New-development-20-Cremazie-E-768x374.jpg 768w, https:\/\/pavacorp.ca\/wp-content\/uploads\/2015\/09\/New-development-20-Cremazie-E.jpg 1280w\" sizes=\"(max-width: 1024px) 100vw, 1024px\" \/>\t\t\t\t\t\t\t\t\t\t\t\t\t\t\t<\/div>\n\t\t\t\t<\/div>\n\t\t\t\t<div class=\"elementor-element elementor-element-05ab397 elementor-widget elementor-widget-heading\" data-id=\"05ab397\" data-element_type=\"widget\" data-widget_type=\"heading.default\">\n\t\t\t\t<div class=\"elementor-widget-container\">\n\t\t\t\t\t<h2 class=\"elementor-heading-title elementor-size-default\">Nouveau d\u00e9veloppement : espace disponible<\/h2>\t\t\t\t<\/div>\n\t\t\t\t<\/div>\n\t\t\t\t<div class=\"elementor-element elementor-element-b61095f elementor-widget elementor-widget-heading\" data-id=\"b61095f\" data-element_type=\"widget\" data-widget_type=\"heading.default\">\n\t\t\t\t<div class=\"elementor-widget-container\">\n\t\t\t\t\t<h4 class=\"elementor-heading-title elementor-size-default\">20, boulevard Cr\u00e9mazie Est, Montr\u00e9al<\/h4>\t\t\t\t<\/div>\n\t\t\t\t<\/div>\n\t\t\t\t<div class=\"elementor-element elementor-element-fea1c8e elementor-widget elementor-widget-text-editor\" data-id=\"fea1c8e\" data-element_type=\"widget\" data-widget_type=\"text-editor.default\">\n\t\t\t\t<div class=\"elementor-widget-container\">\n\t\t\t\t\t\t\t\t\t<p>Qui dit Cr\u00e9mazie dit dynamisme et proactivit\u00e9. En effet, cet emplacement de choix vous offrira non seulement une location enviable, mais \u00e9galement tout ce dont vous aurez besoin pour remplir vos objectifs personnels quotidiens. En effet, plusieurs commerces et \u00e9tablissements int\u00e9ressants sont adjacents \u00e0 ce b\u00e2timent.<\/p>\t\t\t\t\t\t\t\t<\/div>\n\t\t\t\t<\/div>\n\t\t\t\t\t<\/div>\n\t\t<\/div>\n\t\t\t\t\t<\/div>\n\t\t<\/section>\n\t\t\t\t<section class=\"elementor-section elementor-top-section elementor-element elementor-element-2ed8f27 elementor-section-boxed elementor-section-height-default elementor-section-height-default\" data-id=\"2ed8f27\" data-element_type=\"section\">\n\t\t\t\t\t\t<div class=\"elementor-container elementor-column-gap-default\">\n\t\t\t\t\t<div class=\"elementor-column elementor-col-50 elementor-top-column elementor-element elementor-element-0bc47fe\" data-id=\"0bc47fe\" data-element_type=\"column\">\n\t\t\t<div class=\"elementor-widget-wrap elementor-element-populated\">\n\t\t\t\t\t\t<div class=\"elementor-element elementor-element-7d8466b elementor-widget elementor-widget-google_maps\" data-id=\"7d8466b\" data-element_type=\"widget\" data-widget_type=\"google_maps.default\">\n\t\t\t\t<div class=\"elementor-widget-container\">\n\t\t\t\t\t\t\t<div class=\"elementor-custom-embed\">\n\t\t\t<iframe loading=\"lazy\"\n\t\t\t\t\tsrc=\"https:\/\/maps.google.com\/maps?q=20%2C%20boulevard%20Cr%C3%A9mazie%20Est&#038;t=m&#038;z=15&#038;output=embed&#038;iwloc=near\"\n\t\t\t\t\ttitle=\"20, boulevard Cr\u00e9mazie Est\"\n\t\t\t\t\taria-label=\"20, boulevard Cr\u00e9mazie Est\"\n\t\t\t><\/iframe>\n\t\t<\/div>\n\t\t\t\t\t\t<\/div>\n\t\t\t\t<\/div>\n\t\t\t\t\t<\/div>\n\t\t<\/div>\n\t\t\t\t<div class=\"elementor-column elementor-col-50 elementor-top-column elementor-element elementor-element-8a02462\" data-id=\"8a02462\" data-element_type=\"column\">\n\t\t\t<div class=\"elementor-widget-wrap elementor-element-populated\">\n\t\t\t\t\t\t<section class=\"elementor-section elementor-inner-section elementor-element elementor-element-769d337 elementor-section-boxed elementor-section-height-default elementor-section-height-default\" data-id=\"769d337\" data-element_type=\"section\">\n\t\t\t\t\t\t<div class=\"elementor-container elementor-column-gap-default\">\n\t\t\t\t\t<div class=\"elementor-column elementor-col-33 elementor-inner-column elementor-element elementor-element-f19fd66\" data-id=\"f19fd66\" data-element_type=\"column\">\n\t\t\t<div class=\"elementor-widget-wrap elementor-element-populated\">\n\t\t\t\t\t\t<div class=\"elementor-element elementor-element-6ff0b12 elementor-view-default elementor-widget elementor-widget-icon\" data-id=\"6ff0b12\" data-element_type=\"widget\" data-widget_type=\"icon.default\">\n\t\t\t\t<div class=\"elementor-widget-container\">\n\t\t\t\t\t\t\t<div class=\"elementor-icon-wrapper\">\n\t\t\t<div class=\"elementor-icon\">\n\t\t\t<i aria-hidden=\"true\" class=\"fas fa-info\"><\/i>\t\t\t<\/div>\n\t\t<\/div>\n\t\t\t\t\t\t<\/div>\n\t\t\t\t<\/div>\n\t\t\t\t\t<\/div>\n\t\t<\/div>\n\t\t\t\t<div class=\"elementor-column elementor-col-66 elementor-inner-column elementor-element elementor-element-98ee345\" data-id=\"98ee345\" data-element_type=\"column\">\n\t\t\t<div class=\"elementor-widget-wrap elementor-element-populated\">\n\t\t\t\t\t\t<div class=\"elementor-element elementor-element-cd13666 elementor-widget elementor-widget-text-editor\" data-id=\"cd13666\" data-element_type=\"widget\" data-widget_type=\"text-editor.default\">\n\t\t\t\t<div class=\"elementor-widget-container\">\n\t\t\t\t\t\t\t\t\t<h3>D\u00e9tails techniques<\/h3><p>Adresse\u00a0: 20, boulevard Cr\u00e9mazie Est, Montr\u00e9al (QC) H2P 1C8<br \/>Superficie : 1500 \u00e0 8000 pieds carr\u00e9s<br \/>Genre : espace de bureau<\/p>\t\t\t\t\t\t\t\t<\/div>\n\t\t\t\t<\/div>\n\t\t\t\t\t<\/div>\n\t\t<\/div>\n\t\t\t\t\t<\/div>\n\t\t<\/section>\n\t\t\t\t<section class=\"elementor-section elementor-inner-section elementor-element elementor-element-b54a751 elementor-section-boxed elementor-section-height-default elementor-section-height-default\" data-id=\"b54a751\" data-element_type=\"section\">\n\t\t\t\t\t\t<div class=\"elementor-container elementor-column-gap-default\">\n\t\t\t\t\t<div class=\"elementor-column elementor-col-33 elementor-inner-column elementor-element elementor-element-7af8aa4\" data-id=\"7af8aa4\" data-element_type=\"column\">\n\t\t\t<div class=\"elementor-widget-wrap elementor-element-populated\">\n\t\t\t\t\t\t<div class=\"elementor-element elementor-element-368c9c7 elementor-view-default elementor-widget elementor-widget-icon\" data-id=\"368c9c7\" data-element_type=\"widget\" data-widget_type=\"icon.default\">\n\t\t\t\t<div class=\"elementor-widget-container\">\n\t\t\t\t\t\t\t<div class=\"elementor-icon-wrapper\">\n\t\t\t<div class=\"elementor-icon\">\n\t\t\t<i aria-hidden=\"true\" class=\"fas fa-flag\"><\/i>\t\t\t<\/div>\n\t\t<\/div>\n\t\t\t\t\t\t<\/div>\n\t\t\t\t<\/div>\n\t\t\t\t\t<\/div>\n\t\t<\/div>\n\t\t\t\t<div class=\"elementor-column elementor-col-66 elementor-inner-column elementor-element elementor-element-24d72f9\" data-id=\"24d72f9\" data-element_type=\"column\">\n\t\t\t<div class=\"elementor-widget-wrap elementor-element-populated\">\n\t\t\t\t\t\t<div class=\"elementor-element elementor-element-75504e0 elementor-widget elementor-widget-text-editor\" data-id=\"75504e0\" data-element_type=\"widget\" data-widget_type=\"text-editor.default\">\n\t\t\t\t<div class=\"elementor-widget-container\">\n\t\t\t\t\t\t\t\t\t<h3>Caract\u00e9ristiques<\/h3><p>Espaces de bureaux et commerciaux disponibles<br \/>Location strat\u00e9gique (coin Saint-Laurent et Cr\u00e9mazie)<br \/>Grande visibilit\u00e9 (autoroute 40 est et ouest)<br \/>Pr\u00e8s de tous les services<br \/>Acc\u00e8s facile (m\u00e9tro Cr\u00e9mazie)<\/p>\t\t\t\t\t\t\t\t<\/div>\n\t\t\t\t<\/div>\n\t\t\t\t\t<\/div>\n\t\t<\/div>\n\t\t\t\t\t<\/div>\n\t\t<\/section>\n\t\t\t\t<section class=\"elementor-section elementor-inner-section elementor-element elementor-element-92d14f8 elementor-section-boxed elementor-section-height-default elementor-section-height-default\" data-id=\"92d14f8\" data-element_type=\"section\">\n\t\t\t\t\t\t<div class=\"elementor-container elementor-column-gap-default\">\n\t\t\t\t\t<div class=\"elementor-column elementor-col-33 elementor-inner-column elementor-element elementor-element-3ba62bf\" data-id=\"3ba62bf\" data-element_type=\"column\">\n\t\t\t<div class=\"elementor-widget-wrap elementor-element-populated\">\n\t\t\t\t\t\t<div class=\"elementor-element elementor-element-6d97810 elementor-view-default elementor-widget elementor-widget-icon\" data-id=\"6d97810\" data-element_type=\"widget\" data-widget_type=\"icon.default\">\n\t\t\t\t<div class=\"elementor-widget-container\">\n\t\t\t\t\t\t\t<div class=\"elementor-icon-wrapper\">\n\t\t\t<div class=\"elementor-icon\">\n\t\t\t<i aria-hidden=\"true\" class=\"fas fa-envelope\"><\/i>\t\t\t<\/div>\n\t\t<\/div>\n\t\t\t\t\t\t<\/div>\n\t\t\t\t<\/div>\n\t\t\t\t\t<\/div>\n\t\t<\/div>\n\t\t\t\t<div class=\"elementor-column elementor-col-66 elementor-inner-column elementor-element elementor-element-36a38c6\" data-id=\"36a38c6\" data-element_type=\"column\">\n\t\t\t<div class=\"elementor-widget-wrap elementor-element-populated\">\n\t\t\t\t\t\t<div class=\"elementor-element elementor-element-51b93a1 elementor-widget elementor-widget-text-editor\" data-id=\"51b93a1\" data-element_type=\"widget\" data-widget_type=\"text-editor.default\">\n\t\t\t\t<div class=\"elementor-widget-container\">\n\t\t\t\t\t\t\t\t\t<h3>Contact<\/h3><p>Vous \u00eates pr\u00eat \u00e0 emm\u00e9nager\u00a0? Communiquez avec notre \u00e9quipe d\u00e8s maintenant. Nous vous assisterons avec grand plaisir\u00a0!<\/p><ul><li><b>Peter Triassi<\/b><br \/>514 329-5430, poste 226<br \/><a href=\"mailto:support@pavacorp.ca\">Envoyez un courriel<\/a><\/li><\/ul>\t\t\t\t\t\t\t\t<\/div>\n\t\t\t\t<\/div>\n\t\t\t\t\t<\/div>\n\t\t<\/div>\n\t\t\t\t\t<\/div>\n\t\t<\/section>\n\t\t\t\t\t<\/div>\n\t\t<\/div>\n\t\t\t\t\t<\/div>\n\t\t<\/section>\n\t\t\t\t<\/div>\n\t\t","protected":false},"excerpt":{"rendered":"<p>NOUVEAU D\u00c9VELOPPEMENT Choisir un emplacement commercial est beaucoup plus que de s\u00e9lectionner un simple endroit de travail. En effet, vous devez penser strat\u00e9gie. Pensez visibilit\u00e9, commodit\u00e9s, localisation, acc\u00e8s et bien plus! Car non seulement cet endroit, y passerez-vous le plus clair de votre temps, mais vous voudrez \u00e9galement en retirer tous les profits possibles pour votre entreprise. Pour ces raisons, il est toujours attrayant de s\u2019installer dans un nouveau d\u00e9veloppement. En effet, les possibilit\u00e9s sont infinies et vous pourrez fa\u00e7onner votre espace \u00e0 votre fa\u00e7on. De plus, il est possible que vous ayez votre mot \u00e0 dire en ce qui a trait aux vacations vous entourant. Quel privil\u00e8ge! C\u2019est ce qu\u2019on obtient en s\u2019installant dans un tout nouveau d\u00e9veloppement! Pava Corp. vous offre des espaces dans un nouveau d\u00e9veloppement pr\u00e9sentant tout ce dont vous aurez besoin pour faire cro\u00eetre votre entreprise, que vous ayez besoin d\u2019avoir pignon sur rue ou simplement un espace de bureau bien localis\u00e9. Nouveau d\u00e9veloppement : espace disponible 20, boulevard Cr\u00e9mazie Est, Montr\u00e9al Qui dit Cr\u00e9mazie dit dynamisme et proactivit\u00e9. En effet, cet emplacement de choix vous offrira non seulement une location enviable, mais \u00e9galement tout ce dont vous aurez besoin pour remplir vos objectifs personnels quotidiens. En effet, plusieurs commerces et \u00e9tablissements int\u00e9ressants sont adjacents \u00e0 ce b\u00e2timent. D\u00e9tails techniques Adresse\u00a0: 20, boulevard Cr\u00e9mazie Est, Montr\u00e9al (QC) H2P 1C8Superficie : 1500 \u00e0 8000 pieds carr\u00e9sGenre : espace de bureau Caract\u00e9ristiques Espaces de bureaux et commerciaux disponiblesLocation strat\u00e9gique (coin Saint-Laurent et Cr\u00e9mazie)Grande visibilit\u00e9 (autoroute 40 est et ouest)Pr\u00e8s de tous les servicesAcc\u00e8s facile (m\u00e9tro Cr\u00e9mazie) Contact Vous \u00eates pr\u00eat \u00e0 emm\u00e9nager\u00a0? Communiquez avec notre \u00e9quipe d\u00e8s maintenant. Nous vous assisterons avec grand plaisir\u00a0! Peter Triassi514 329-5430, poste 226Envoyez un courriel<\/p>\n","protected":false},"author":1,"featured_media":0,"parent":0,"menu_order":0,"comment_status":"closed","ping_status":"closed","template":"","meta":{"footnotes":""},"class_list":["post-6896","page","type-page","status-publish","hentry"],"yoast_head":"<!-- This site is optimized with the Yoast SEO plugin v25.0 - https:\/\/yoast.com\/wordpress\/plugins\/seo\/ -->\n<title>Nouveau d\u00e9veloppement - Pava Corp. Montr\u00e9al et alentours<\/title>\n<meta name=\"description\" content=\"Nouveau d\u00e9veloppement. Un emplacement commercial est beaucoup plus que de s\u00e9lectionner un simple endroit de travail. En effet, vous devez penser strat\u00e9gie.\" \/>\n<meta name=\"robots\" content=\"index, follow, max-snippet:-1, max-image-preview:large, max-video-preview:-1\" \/>\n<link rel=\"canonical\" href=\"https:\/\/pavacorp.ca\/fr\/nouveau-developpement\/\" \/>\n<meta property=\"og:locale\" content=\"fr_FR\" \/>\n<meta property=\"og:type\" content=\"article\" \/>\n<meta property=\"og:title\" content=\"Nouveau d\u00e9veloppement - Pava Corp. Montr\u00e9al et alentours\" \/>\n<meta property=\"og:description\" content=\"Nouveau d\u00e9veloppement. Un emplacement commercial est beaucoup plus que de s\u00e9lectionner un simple endroit de travail. En effet, vous devez penser strat\u00e9gie.\" \/>\n<meta property=\"og:url\" content=\"https:\/\/pavacorp.ca\/fr\/nouveau-developpement\/\" \/>\n<meta property=\"og:site_name\" content=\"Pava Corp.\" \/>\n<meta property=\"article:modified_time\" content=\"2024-09-20T14:27:33+00:00\" \/>\n<meta property=\"og:image\" content=\"https:\/\/pavacorp.ca\/wp-content\/uploads\/2015\/09\/New-development-20-Cremazie-E-1024x498.jpg\" \/>\n<meta name=\"twitter:card\" content=\"summary_large_image\" \/>\n<meta name=\"twitter:label1\" content=\"Dur\u00e9e de lecture estim\u00e9e\" \/>\n\t<meta name=\"twitter:data1\" content=\"2 minutes\" \/>\n<script type=\"application\/ld+json\" class=\"yoast-schema-graph\">{\"@context\":\"https:\/\/schema.org\",\"@graph\":[{\"@type\":\"WebPage\",\"@id\":\"https:\/\/pavacorp.ca\/fr\/nouveau-developpement\/\",\"url\":\"https:\/\/pavacorp.ca\/fr\/nouveau-developpement\/\",\"name\":\"Nouveau d\u00e9veloppement - Pava Corp. Montr\u00e9al et alentours\",\"isPartOf\":{\"@id\":\"https:\/\/pavacorp.ca\/#website\"},\"primaryImageOfPage\":{\"@id\":\"https:\/\/pavacorp.ca\/fr\/nouveau-developpement\/#primaryimage\"},\"image\":{\"@id\":\"https:\/\/pavacorp.ca\/fr\/nouveau-developpement\/#primaryimage\"},\"thumbnailUrl\":\"https:\/\/pavacorp.ca\/wp-content\/uploads\/2015\/09\/New-development-20-Cremazie-E-1024x498.jpg\",\"datePublished\":\"2024-09-20T04:05:16+00:00\",\"dateModified\":\"2024-09-20T14:27:33+00:00\",\"description\":\"Nouveau d\u00e9veloppement. Un emplacement commercial est beaucoup plus que de s\u00e9lectionner un simple endroit de travail. En effet, vous devez penser strat\u00e9gie.\",\"breadcrumb\":{\"@id\":\"https:\/\/pavacorp.ca\/fr\/nouveau-developpement\/#breadcrumb\"},\"inLanguage\":\"fr-FR\",\"potentialAction\":[{\"@type\":\"ReadAction\",\"target\":[\"https:\/\/pavacorp.ca\/fr\/nouveau-developpement\/\"]}]},{\"@type\":\"ImageObject\",\"inLanguage\":\"fr-FR\",\"@id\":\"https:\/\/pavacorp.ca\/fr\/nouveau-developpement\/#primaryimage\",\"url\":\"https:\/\/pavacorp.ca\/wp-content\/uploads\/2015\/09\/New-development-20-Cremazie-E-1024x498.jpg\",\"contentUrl\":\"https:\/\/pavacorp.ca\/wp-content\/uploads\/2015\/09\/New-development-20-Cremazie-E-1024x498.jpg\"},{\"@type\":\"BreadcrumbList\",\"@id\":\"https:\/\/pavacorp.ca\/fr\/nouveau-developpement\/#breadcrumb\",\"itemListElement\":[{\"@type\":\"ListItem\",\"position\":1,\"name\":\"Home\",\"item\":\"https:\/\/pavacorp.ca\/fr\/\"},{\"@type\":\"ListItem\",\"position\":2,\"name\":\"Nouveau d\u00e9veloppement\"}]},{\"@type\":\"WebSite\",\"@id\":\"https:\/\/pavacorp.ca\/#website\",\"url\":\"https:\/\/pavacorp.ca\/\",\"name\":\"Pava Corp.\",\"description\":\"The Montreal Real Estate Company!\",\"potentialAction\":[{\"@type\":\"SearchAction\",\"target\":{\"@type\":\"EntryPoint\",\"urlTemplate\":\"https:\/\/pavacorp.ca\/?s={search_term_string}\"},\"query-input\":{\"@type\":\"PropertyValueSpecification\",\"valueRequired\":true,\"valueName\":\"search_term_string\"}}],\"inLanguage\":\"fr-FR\"}]}<\/script>\n<!-- \/ Yoast SEO plugin. -->","yoast_head_json":{"title":"Nouveau d\u00e9veloppement - Pava Corp. Montr\u00e9al et alentours","description":"Nouveau d\u00e9veloppement. Un emplacement commercial est beaucoup plus que de s\u00e9lectionner un simple endroit de travail. En effet, vous devez penser strat\u00e9gie.","robots":{"index":"index","follow":"follow","max-snippet":"max-snippet:-1","max-image-preview":"max-image-preview:large","max-video-preview":"max-video-preview:-1"},"canonical":"https:\/\/pavacorp.ca\/fr\/nouveau-developpement\/","og_locale":"fr_FR","og_type":"article","og_title":"Nouveau d\u00e9veloppement - Pava Corp. Montr\u00e9al et alentours","og_description":"Nouveau d\u00e9veloppement. Un emplacement commercial est beaucoup plus que de s\u00e9lectionner un simple endroit de travail. En effet, vous devez penser strat\u00e9gie.","og_url":"https:\/\/pavacorp.ca\/fr\/nouveau-developpement\/","og_site_name":"Pava Corp.","article_modified_time":"2024-09-20T14:27:33+00:00","og_image":[{"url":"https:\/\/pavacorp.ca\/wp-content\/uploads\/2015\/09\/New-development-20-Cremazie-E-1024x498.jpg","type":"","width":"","height":""}],"twitter_card":"summary_large_image","twitter_misc":{"Dur\u00e9e de lecture estim\u00e9e":"2 minutes"},"schema":{"@context":"https:\/\/schema.org","@graph":[{"@type":"WebPage","@id":"https:\/\/pavacorp.ca\/fr\/nouveau-developpement\/","url":"https:\/\/pavacorp.ca\/fr\/nouveau-developpement\/","name":"Nouveau d\u00e9veloppement - Pava Corp. Montr\u00e9al et alentours","isPartOf":{"@id":"https:\/\/pavacorp.ca\/#website"},"primaryImageOfPage":{"@id":"https:\/\/pavacorp.ca\/fr\/nouveau-developpement\/#primaryimage"},"image":{"@id":"https:\/\/pavacorp.ca\/fr\/nouveau-developpement\/#primaryimage"},"thumbnailUrl":"https:\/\/pavacorp.ca\/wp-content\/uploads\/2015\/09\/New-development-20-Cremazie-E-1024x498.jpg","datePublished":"2024-09-20T04:05:16+00:00","dateModified":"2024-09-20T14:27:33+00:00","description":"Nouveau d\u00e9veloppement. Un emplacement commercial est beaucoup plus que de s\u00e9lectionner un simple endroit de travail. En effet, vous devez penser strat\u00e9gie.","breadcrumb":{"@id":"https:\/\/pavacorp.ca\/fr\/nouveau-developpement\/#breadcrumb"},"inLanguage":"fr-FR","potentialAction":[{"@type":"ReadAction","target":["https:\/\/pavacorp.ca\/fr\/nouveau-developpement\/"]}]},{"@type":"ImageObject","inLanguage":"fr-FR","@id":"https:\/\/pavacorp.ca\/fr\/nouveau-developpement\/#primaryimage","url":"https:\/\/pavacorp.ca\/wp-content\/uploads\/2015\/09\/New-development-20-Cremazie-E-1024x498.jpg","contentUrl":"https:\/\/pavacorp.ca\/wp-content\/uploads\/2015\/09\/New-development-20-Cremazie-E-1024x498.jpg"},{"@type":"BreadcrumbList","@id":"https:\/\/pavacorp.ca\/fr\/nouveau-developpement\/#breadcrumb","itemListElement":[{"@type":"ListItem","position":1,"name":"Home","item":"https:\/\/pavacorp.ca\/fr\/"},{"@type":"ListItem","position":2,"name":"Nouveau d\u00e9veloppement"}]},{"@type":"WebSite","@id":"https:\/\/pavacorp.ca\/#website","url":"https:\/\/pavacorp.ca\/","name":"Pava Corp.","description":"The Montreal Real Estate Company!","potentialAction":[{"@type":"SearchAction","target":{"@type":"EntryPoint","urlTemplate":"https:\/\/pavacorp.ca\/?s={search_term_string}"},"query-input":{"@type":"PropertyValueSpecification","valueRequired":true,"valueName":"search_term_string"}}],"inLanguage":"fr-FR"}]}},"_links":{"self":[{"href":"https:\/\/pavacorp.ca\/fr\/wp-json\/wp\/v2\/pages\/6896","targetHints":{"allow":["GET"]}}],"collection":[{"href":"https:\/\/pavacorp.ca\/fr\/wp-json\/wp\/v2\/pages"}],"about":[{"href":"https:\/\/pavacorp.ca\/fr\/wp-json\/wp\/v2\/types\/page"}],"author":[{"embeddable":true,"href":"https:\/\/pavacorp.ca\/fr\/wp-json\/wp\/v2\/users\/1"}],"replies":[{"embeddable":true,"href":"https:\/\/pavacorp.ca\/fr\/wp-json\/wp\/v2\/comments?post=6896"}],"version-history":[{"count":55,"href":"https:\/\/pavacorp.ca\/fr\/wp-json\/wp\/v2\/pages\/6896\/revisions"}],"predecessor-version":[{"id":6958,"href":"https:\/\/pavacorp.ca\/fr\/wp-json\/wp\/v2\/pages\/6896\/revisions\/6958"}],"wp:attachment":[{"href":"https:\/\/pavacorp.ca\/fr\/wp-json\/wp\/v2\/media?parent=6896"}],"curies":[{"name":"wp","href":"https:\/\/api.w.org\/{rel}","templated":true}]}}